{"id":1223,"date":"2022-06-28T19:02:31","date_gmt":"2022-06-28T17:02:31","guid":{"rendered":"https:\/\/dev2.webforu.hu\/calador\/?page_id=1223"},"modified":"2022-10-26T18:09:28","modified_gmt":"2022-10-26T16:09:28","slug":"kontakt","status":"publish","type":"page","link":"https:\/\/dev2.webforu.hu\/calador\/de\/kontakt\/","title":{"rendered":"Kontakt"},"content":{"rendered":"\t\t<div data-elementor-type=\"wp-page\" data-elementor-id=\"1223\" class=\"elementor elementor-1223\">\n\t\t\t\t\t\t\t\t\t<section class=\"elementor-section elementor-top-section elementor-element elementor-element-094af3c elementor-section-boxed elementor-section-height-default elementor-section-height-default\" data-id=\"094af3c\" data-element_type=\"section\" data-settings=\"{&quot;background_background&quot;:&quot;classic&quot;}\">\n\t\t\t\t\t\t\t<div class=\"elementor-background-overlay\"><\/div>\n\t\t\t\t\t\t\t<div class=\"elementor-container elementor-column-gap-default\">\n\t\t\t\t\t<div class=\"elementor-column elementor-col-100 elementor-top-column elementor-element elementor-element-6b046d6\" data-id=\"6b046d6\" data-element_type=\"column\">\n\t\t\t<div class=\"elementor-widget-wrap elementor-element-populated\">\n\t\t\t\t\t\t\t\t<div class=\"elementor-element elementor-element-8da095d elementor-widget elementor-widget-heading\" data-id=\"8da095d\" data-element_type=\"widget\" data-widget_type=\"heading.default\">\n\t\t\t\t<div class=\"elementor-widget-container\">\n\t\t\t<style>\/*! elementor - v3.9.0 - 06-12-2022 *\/\n.elementor-heading-title{padding:0;margin:0;line-height:1}.elementor-widget-heading .elementor-heading-title[class*=elementor-size-]>a{color:inherit;font-size:inherit;line-height:inherit}.elementor-widget-heading .elementor-heading-title.elementor-size-small{font-size:15px}.elementor-widget-heading .elementor-heading-title.elementor-size-medium{font-size:19px}.elementor-widget-heading .elementor-heading-title.elementor-size-large{font-size:29px}.elementor-widget-heading .elementor-heading-title.elementor-size-xl{font-size:39px}.elementor-widget-heading .elementor-heading-title.elementor-size-xxl{font-size:59px}<\/style><h1 class=\"elementor-heading-title elementor-size-default\">Lage und<br>wie finden Sie zu uns<\/h1>\t\t<\/div>\n\t\t\t\t<\/div>\n\t\t\t\t\t<\/div>\n\t\t<\/div>\n\t\t\t\t\t\t\t<\/div>\n\t\t<\/section>\n\t\t\t\t<section class=\"elementor-section elementor-top-section elementor-element elementor-element-d6ad25d elementor-section-boxed elementor-section-height-default elementor-section-height-default\" data-id=\"d6ad25d\" data-element_type=\"section\">\n\t\t\t\t\t\t<div class=\"elementor-container elementor-column-gap-default\">\n\t\t\t\t\t<div class=\"elementor-column elementor-col-100 elementor-top-column elementor-element elementor-element-9b50a99\" data-id=\"9b50a99\" data-element_type=\"column\">\n\t\t\t<div class=\"elementor-widget-wrap elementor-element-populated\">\n\t\t\t\t\t\t\t\t<div class=\"elementor-element elementor-element-f9d1f20 elementor-widget elementor-widget-heading\" data-id=\"f9d1f20\" data-element_type=\"widget\" data-widget_type=\"heading.default\">\n\t\t\t\t<div class=\"elementor-widget-container\">\n\t\t\t<h2 class=\"elementor-heading-title elementor-size-default\">Anreise<\/h2>\t\t<\/div>\n\t\t\t\t<\/div>\n\t\t\t\t<div class=\"elementor-element elementor-element-4e1833c elementor-widget elementor-widget-text-editor\" data-id=\"4e1833c\" data-element_type=\"widget\" data-widget_type=\"text-editor.default\">\n\t\t\t\t<div class=\"elementor-widget-container\">\n\t\t\t<style>\/*! elementor - v3.9.0 - 06-12-2022 *\/\n.elementor-widget-text-editor.elementor-drop-cap-view-stacked .elementor-drop-cap{background-color:#818a91;color:#fff}.elementor-widget-text-editor.elementor-drop-cap-view-framed .elementor-drop-cap{color:#818a91;border:3px solid;background-color:transparent}.elementor-widget-text-editor:not(.elementor-drop-cap-view-default) .elementor-drop-cap{margin-top:8px}.elementor-widget-text-editor:not(.elementor-drop-cap-view-default) .elementor-drop-cap-letter{width:1em;height:1em}.elementor-widget-text-editor .elementor-drop-cap{float:left;text-align:center;line-height:1;font-size:50px}.elementor-widget-text-editor .elementor-drop-cap-letter{display:inline-block}<\/style>\t\t\t\t<p><span class=\"versalie\">M<\/span>an verl\u00e4sst den Flughafen und beim ersten Kreisverkehr nimmt man die dritte Ausfahrt (die erste f\u00fchrt zur R\u00fcckseite des Flughafens, die zweite nach Ibiza-Stadt) Richtung San Josep, diese kleine Ortschaft (nach etwa 15 Km) wird passiert und danach links bei der Pizzeria Can Verge links abbiegen (den Schildern Richtung Cala Tarida, Cala Vadella, Cala Carb\u00f3 o etc. folgen).<\/p><p><span class=\"versalie\">B<\/span>eim n\u00e4chsten Kreisverkehr die zweite Ausfahrt Richtung Cala Vadella, Cala D\u2019Hort usw. folgen (also NICHT in die Cala Tarida fahren) und nach etwa 7 Km kommen zwei parallele Stra\u00dfen auf der linken Seite, bitte die zweite nach links nehmen (falls erste, dann sofort danach rechts und dann links abbiegen), auf der Ecke ist ein Gesch\u00e4ft, danach das kleine Restaurant \u201eLa Sardina Loca\u201c und auch unser Schild findet sich vor dem Abbiegen auf der linken Seite der Stra\u00dfe.<\/p><p><span class=\"versalie\">N<\/span>un ist man bereits auf der einzigen Stra\u00dfe, die in die Cala Carb\u00f3 f\u00fchrt, nach einigen Hundert Metern erblickt man auf der rechten Seite drei wei\u00dfe T\u00fcrme, das ist Teil unserer Anlage; die Zufahrt ist gut ausgeschildert.<\/p>\t\t\t\t\t\t<\/div>\n\t\t\t\t<\/div>\n\t\t\t\t\t<\/div>\n\t\t<\/div>\n\t\t\t\t\t\t\t<\/div>\n\t\t<\/section>\n\t\t\t\t<section class=\"elementor-section elementor-top-section elementor-element elementor-element-2d3e5d9 elementor-section-full_width elementor-section-height-default elementor-section-height-default\" data-id=\"2d3e5d9\" data-element_type=\"section\">\n\t\t\t\t\t\t<div class=\"elementor-container elementor-column-gap-no\">\n\t\t\t\t\t<div class=\"elementor-column elementor-col-100 elementor-top-column elementor-element elementor-element-b678ad3\" data-id=\"b678ad3\" data-element_type=\"column\">\n\t\t\t<div class=\"elementor-widget-wrap elementor-element-populated\">\n\t\t\t\t\t\t\t\t<div class=\"elementor-element elementor-element-f86bccc elementor-widget elementor-widget-google_maps\" data-id=\"f86bccc\" data-element_type=\"widget\" data-widget_type=\"google_maps.default\">\n\t\t\t\t<div class=\"elementor-widget-container\">\n\t\t\t<style>\/*! elementor - v3.9.0 - 06-12-2022 *\/\n.elementor-widget-google_maps .elementor-widget-container{overflow:hidden}.elementor-widget-google_maps iframe{height:300px}<\/style>\t\t<div class=\"elementor-custom-embed\">\n\t\t\t<iframe frameborder=\"0\" scrolling=\"no\" marginheight=\"0\" marginwidth=\"0\"\n\t\t\t\t\tsrc=\"https:\/\/maps.google.com\/maps?q=Landhotel%20Calador%20S.L.%20C.%2F%20Cala%20Carbo%20S%2FN%2007830%20San%20Jos%C3%A9%2FIbiza%2FIslas%20Baleares%2C%20Espa%C3%B1a&#038;t=m&#038;z=13&#038;output=embed&#038;iwloc=near\"\n\t\t\t\t\ttitle=\"Landhotel Calador S.L. C.\/ Cala Carbo S\/N 07830 San Jos\u00e9\/Ibiza\/Islas Baleares, Espa\u00f1a\"\n\t\t\t\t\taria-label=\"Landhotel Calador S.L. C.\/ Cala Carbo S\/N 07830 San Jos\u00e9\/Ibiza\/Islas Baleares, Espa\u00f1a\"\n\t\t\t><\/iframe>\n\t\t<\/div>\n\t\t\t\t<\/div>\n\t\t\t\t<\/div>\n\t\t\t\t\t<\/div>\n\t\t<\/div>\n\t\t\t\t\t\t\t<\/div>\n\t\t<\/section>\n\t\t\t\t\t\t\t<\/div>\n\t\t","protected":false},"excerpt":{"rendered":"<p>Lage undwie finden Sie zu uns Anreise Man verl\u00e4sst den Flughafen und beim ersten Kreisverkehr nimmt man die dritte Ausfahrt (die erste f\u00fchrt zur R\u00fcckseite des Flughafens, die zweite nach Ibiza-Stadt) Richtung San Josep, diese kleine Ortschaft (nach etwa 15 Km) wird passiert und danach links bei der Pizzeria Can Verge links abbiegen (den Schildern &hellip;<\/p>\n<p class=\"read-more\"> <a class=\"\" href=\"https:\/\/dev2.webforu.hu\/calador\/de\/kontakt\/\"> <span class=\"screen-reader-text\">Kontakt<\/span> Read More &raquo;<\/a><\/p>\n","protected":false},"author":1,"featured_media":0,"parent":0,"menu_order":0,"comment_status":"closed","ping_status":"closed","template":"","meta":{"site-sidebar-layout":"no-sidebar","site-content-layout":"page-builder","ast-global-header-display":"","ast-main-header-display":"","ast-hfb-above-header-display":"","ast-hfb-below-header-display":"","ast-hfb-mobile-header-display":"","site-post-title":"disabled","ast-breadcrumbs-content":"","ast-featured-img":"disabled","footer-sml-layout":"","theme-transparent-header-meta":"enabled","adv-header-id-meta":"","stick-header-meta":"default","header-above-stick-meta":"","header-main-stick-meta":"","header-below-stick-meta":"","footnotes":""},"class_list":["post-1223","page","type-page","status-publish","hentry"],"acf":[],"_links":{"self":[{"href":"https:\/\/dev2.webforu.hu\/calador\/wp-json\/wp\/v2\/pages\/1223","targetHints":{"allow":["GET"]}}],"collection":[{"href":"https:\/\/dev2.webforu.hu\/calador\/wp-json\/wp\/v2\/pages"}],"about":[{"href":"https:\/\/dev2.webforu.hu\/calador\/wp-json\/wp\/v2\/types\/page"}],"author":[{"embeddable":true,"href":"https:\/\/dev2.webforu.hu\/calador\/wp-json\/wp\/v2\/users\/1"}],"replies":[{"embeddable":true,"href":"https:\/\/dev2.webforu.hu\/calador\/wp-json\/wp\/v2\/comments?post=1223"}],"version-history":[{"count":0,"href":"https:\/\/dev2.webforu.hu\/calador\/wp-json\/wp\/v2\/pages\/1223\/revisions"}],"wp:attachment":[{"href":"https:\/\/dev2.webforu.hu\/calador\/wp-json\/wp\/v2\/media?parent=1223"}],"curies":[{"name":"wp","href":"https:\/\/api.w.org\/{rel}","templated":true}]}}