{"id":2751,"date":"2022-06-30T15:15:07","date_gmt":"2022-06-30T13:15:07","guid":{"rendered":"https:\/\/dev2.webforu.hu\/calador\/?page_id=2751"},"modified":"2022-11-04T16:09:56","modified_gmt":"2022-11-04T15:09:56","slug":"concepto-medioambiental","status":"publish","type":"page","link":"https:\/\/dev2.webforu.hu\/calador\/es\/concepto-medioambiental\/","title":{"rendered":"Concepto medioambiental"},"content":{"rendered":"\t\t<div data-elementor-type=\"wp-page\" data-elementor-id=\"2751\" class=\"elementor elementor-2751\">\n\t\t\t\t\t\t\t\t\t<section class=\"elementor-section elementor-top-section elementor-element elementor-element-05a150d elementor-section-boxed elementor-section-height-default elementor-section-height-default\" data-id=\"05a150d\" data-element_type=\"section\" data-settings=\"{&quot;background_background&quot;:&quot;classic&quot;}\">\n\t\t\t\t\t\t\t<div class=\"elementor-background-overlay\"><\/div>\n\t\t\t\t\t\t\t<div class=\"elementor-container elementor-column-gap-default\">\n\t\t\t\t\t<div class=\"elementor-column elementor-col-100 elementor-top-column elementor-element elementor-element-3d021b0\" data-id=\"3d021b0\" data-element_type=\"column\">\n\t\t\t<div class=\"elementor-widget-wrap elementor-element-populated\">\n\t\t\t\t\t\t\t\t<div class=\"elementor-element elementor-element-efa400c elementor-widget elementor-widget-heading\" data-id=\"efa400c\" data-element_type=\"widget\" data-widget_type=\"heading.default\">\n\t\t\t\t<div class=\"elementor-widget-container\">\n\t\t\t<style>\/*! elementor - v3.9.0 - 06-12-2022 *\/\n.elementor-heading-title{padding:0;margin:0;line-height:1}.elementor-widget-heading .elementor-heading-title[class*=elementor-size-]>a{color:inherit;font-size:inherit;line-height:inherit}.elementor-widget-heading .elementor-heading-title.elementor-size-small{font-size:15px}.elementor-widget-heading .elementor-heading-title.elementor-size-medium{font-size:19px}.elementor-widget-heading .elementor-heading-title.elementor-size-large{font-size:29px}.elementor-widget-heading .elementor-heading-title.elementor-size-xl{font-size:39px}.elementor-widget-heading .elementor-heading-title.elementor-size-xxl{font-size:59px}<\/style><h1 class=\"elementor-heading-title elementor-size-default\">Concepto medioambiental<\/h1>\t\t<\/div>\n\t\t\t\t<\/div>\n\t\t\t\t<div class=\"elementor-element elementor-element-2d4cecd elementor-widget elementor-widget-text-editor\" data-id=\"2d4cecd\" data-element_type=\"widget\" data-widget_type=\"text-editor.default\">\n\t\t\t\t<div class=\"elementor-widget-container\">\n\t\t\t<style>\/*! elementor - v3.9.0 - 06-12-2022 *\/\n.elementor-widget-text-editor.elementor-drop-cap-view-stacked .elementor-drop-cap{background-color:#818a91;color:#fff}.elementor-widget-text-editor.elementor-drop-cap-view-framed .elementor-drop-cap{color:#818a91;border:3px solid;background-color:transparent}.elementor-widget-text-editor:not(.elementor-drop-cap-view-default) .elementor-drop-cap{margin-top:8px}.elementor-widget-text-editor:not(.elementor-drop-cap-view-default) .elementor-drop-cap-letter{width:1em;height:1em}.elementor-widget-text-editor .elementor-drop-cap{float:left;text-align:center;line-height:1;font-size:50px}.elementor-widget-text-editor .elementor-drop-cap-letter{display:inline-block}<\/style>\t\t\t\tUn medio ambiente intacto es un requisito previo para unas vacaciones sin preocupaciones\t\t\t\t\t\t<\/div>\n\t\t\t\t<\/div>\n\t\t\t\t\t<\/div>\n\t\t<\/div>\n\t\t\t\t\t\t\t<\/div>\n\t\t<\/section>\n\t\t\t\t<section class=\"elementor-section elementor-top-section elementor-element elementor-element-210c3009 elementor-section-content-top elementor-hidden-mobile elementor-section-boxed elementor-section-height-default elementor-section-height-default\" data-id=\"210c3009\" data-element_type=\"section\" data-settings=\"{&quot;background_background&quot;:&quot;classic&quot;}\">\n\t\t\t\t\t\t<div class=\"elementor-container elementor-column-gap-no\">\n\t\t\t\t\t<div class=\"elementor-column elementor-col-50 elementor-top-column elementor-element elementor-element-65a84d05\" data-id=\"65a84d05\" data-element_type=\"column\">\n\t\t\t<div class=\"elementor-widget-wrap elementor-element-populated\">\n\t\t\t\t\t\t\t\t<div class=\"elementor-element elementor-element-0b43210 elementor-widget elementor-widget-text-editor\" data-id=\"0b43210\" data-element_type=\"widget\" data-widget_type=\"text-editor.default\">\n\t\t\t\t<div class=\"elementor-widget-container\">\n\t\t\t\t\t\t\t<div class=\"row top20\"><div class=\"col-md-9\"><p><span class=\"versalie\">C<\/span>onsideramos que es nuestro deber ser cuidadosos con los recursos de nuestro planeta!<\/p><p>Las generaciones subsiguientes deber\u00edan, como nosotros, disfrutar de las bellezas de la Madre Tierra.<\/p><p>Lograr un alto grado de est\u00e1ndares medioambientales no es s\u00f3lo un deber para nosotros, sino tambi\u00e9n una cuesti\u00f3n de rutina.<\/p><\/div><\/div>\t\t\t\t\t\t<\/div>\n\t\t\t\t<\/div>\n\t\t\t\t<div class=\"elementor-element elementor-element-349db967 elementor-widget elementor-widget-image\" data-id=\"349db967\" data-element_type=\"widget\" data-widget_type=\"image.default\">\n\t\t\t\t<div class=\"elementor-widget-container\">\n\t\t\t<style>\/*! elementor - v3.9.0 - 06-12-2022 *\/\n.elementor-widget-image{text-align:center}.elementor-widget-image a{display:inline-block}.elementor-widget-image a img[src$=\".svg\"]{width:48px}.elementor-widget-image img{vertical-align:middle;display:inline-block}<\/style>\t\t\t\t\t\t\t\t\t\t\t\t<img loading=\"lazy\" decoding=\"async\" width=\"800\" height=\"600\" src=\"https:\/\/dev2.webforu.hu\/calador\/wp-content\/uploads\/2022\/06\/Landhotel-Calador-Environmental-concept-02.jpg\" class=\"attachment-full size-full wp-image-2572\" alt=\"\" srcset=\"https:\/\/dev2.webforu.hu\/calador\/wp-content\/uploads\/2022\/06\/Landhotel-Calador-Environmental-concept-02.jpg 800w, https:\/\/dev2.webforu.hu\/calador\/wp-content\/uploads\/2022\/06\/Landhotel-Calador-Environmental-concept-02-300x225.jpg 300w, https:\/\/dev2.webforu.hu\/calador\/wp-content\/uploads\/2022\/06\/Landhotel-Calador-Environmental-concept-02-768x576.jpg 768w\" sizes=\"auto, (max-width: 800px) 100vw, 800px\" \/>\t\t\t\t\t\t\t\t\t\t\t\t\t\t\t<\/div>\n\t\t\t\t<\/div>\n\t\t\t\t\t<\/div>\n\t\t<\/div>\n\t\t\t\t<div class=\"elementor-column elementor-col-50 elementor-top-column elementor-element elementor-element-41336ec7\" data-id=\"41336ec7\" data-element_type=\"column\">\n\t\t\t<div class=\"elementor-widget-wrap elementor-element-populated\">\n\t\t\t\t\t\t\t\t<div class=\"elementor-element elementor-element-477a926 elementor-widget elementor-widget-image\" data-id=\"477a926\" data-element_type=\"widget\" data-widget_type=\"image.default\">\n\t\t\t\t<div class=\"elementor-widget-container\">\n\t\t\t\t\t\t\t\t\t\t\t\t\t\t\t<img loading=\"lazy\" decoding=\"async\" width=\"800\" height=\"600\" src=\"https:\/\/dev2.webforu.hu\/calador\/wp-content\/uploads\/2022\/06\/Landhotel-Calador-Environmental-concept-01.jpg\" class=\"attachment-full size-full wp-image-2571\" alt=\"\" srcset=\"https:\/\/dev2.webforu.hu\/calador\/wp-content\/uploads\/2022\/06\/Landhotel-Calador-Environmental-concept-01.jpg 800w, https:\/\/dev2.webforu.hu\/calador\/wp-content\/uploads\/2022\/06\/Landhotel-Calador-Environmental-concept-01-300x225.jpg 300w, https:\/\/dev2.webforu.hu\/calador\/wp-content\/uploads\/2022\/06\/Landhotel-Calador-Environmental-concept-01-768x576.jpg 768w\" sizes=\"auto, (max-width: 800px) 100vw, 800px\" \/>\t\t\t\t\t\t\t\t\t\t\t\t\t\t\t<\/div>\n\t\t\t\t<\/div>\n\t\t\t\t<div class=\"elementor-element elementor-element-1c5c5f9 elementor-widget elementor-widget-text-editor\" data-id=\"1c5c5f9\" data-element_type=\"widget\" data-widget_type=\"text-editor.default\">\n\t\t\t\t<div class=\"elementor-widget-container\">\n\t\t\t\t\t\t\t<div class=\"row top20\"><div class=\"col-md-9\"><p><span class=\"versalie\">C<\/span>on casi 12 horas de sol al d\u00eda en la temporada, la electricidad del sol es casi una necesidad absoluta y no hay duda de que podemos aprovechar esta oportunidad.<\/p><p>Nuestro sistema fotovoltaico es mantenido y ampliado regularmente con los \u00faltimos est\u00e1ndares t\u00e9cnicos.<\/p><p>Por lo tanto, podemos obtener nuestra agua caliente durante la temporada casi exclusivamente del sistema solar.<\/p><\/div><\/div>\t\t\t\t\t\t<\/div>\n\t\t\t\t<\/div>\n\t\t\t\t\t<\/div>\n\t\t<\/div>\n\t\t\t\t\t\t\t<\/div>\n\t\t<\/section>\n\t\t\t\t<section class=\"elementor-section elementor-top-section elementor-element elementor-element-aa3e31b elementor-section-content-top elementor-hidden-mobile elementor-section-boxed elementor-section-height-default elementor-section-height-default\" data-id=\"aa3e31b\" data-element_type=\"section\" data-settings=\"{&quot;background_background&quot;:&quot;classic&quot;}\">\n\t\t\t\t\t\t<div class=\"elementor-container elementor-column-gap-no\">\n\t\t\t\t\t<div class=\"elementor-column elementor-col-50 elementor-top-column elementor-element elementor-element-aa5e0ff\" data-id=\"aa5e0ff\" data-element_type=\"column\">\n\t\t\t<div class=\"elementor-widget-wrap elementor-element-populated\">\n\t\t\t\t\t\t\t\t<div class=\"elementor-element elementor-element-ec42be1 elementor-widget elementor-widget-text-editor\" data-id=\"ec42be1\" data-element_type=\"widget\" data-widget_type=\"text-editor.default\">\n\t\t\t\t<div class=\"elementor-widget-container\">\n\t\t\t\t\t\t\t<div class=\"row top20\"><div class=\"col-md-9\"><p><span class=\"versalie\">R<\/span>ecientemente hemos instalado un sistema de tratamiento de agua de \u00faltima generaci\u00f3n y ahorramos una gran cantidad de agua preciosa al regar el jard\u00edn.<\/p><p>Para nosotros la calidad del agua de nuestra piscina es muy importante; en lugar de cloro industrial, dependemos de la descomposici\u00f3n natural de la sal por medio de una electr\u00f3lisis respetuosa con el medio ambiente y la piel.<\/p><p>Esto nos permite reducir el uso de productos qu\u00edmicos en nuestra piscina a un m\u00ednimo absoluto.<\/p><\/div><\/div>\t\t\t\t\t\t<\/div>\n\t\t\t\t<\/div>\n\t\t\t\t<div class=\"elementor-element elementor-element-09be1e6 elementor-widget elementor-widget-image\" data-id=\"09be1e6\" data-element_type=\"widget\" data-widget_type=\"image.default\">\n\t\t\t\t<div class=\"elementor-widget-container\">\n\t\t\t\t\t\t\t\t\t\t\t\t\t\t\t<img loading=\"lazy\" decoding=\"async\" width=\"800\" height=\"600\" src=\"https:\/\/dev2.webforu.hu\/calador\/wp-content\/uploads\/2022\/06\/Landhotel-Calador-Environmental-concept-04.jpg\" class=\"attachment-full size-full wp-image-2574\" alt=\"\" srcset=\"https:\/\/dev2.webforu.hu\/calador\/wp-content\/uploads\/2022\/06\/Landhotel-Calador-Environmental-concept-04.jpg 800w, https:\/\/dev2.webforu.hu\/calador\/wp-content\/uploads\/2022\/06\/Landhotel-Calador-Environmental-concept-04-300x225.jpg 300w, https:\/\/dev2.webforu.hu\/calador\/wp-content\/uploads\/2022\/06\/Landhotel-Calador-Environmental-concept-04-768x576.jpg 768w\" sizes=\"auto, (max-width: 800px) 100vw, 800px\" \/>\t\t\t\t\t\t\t\t\t\t\t\t\t\t\t<\/div>\n\t\t\t\t<\/div>\n\t\t\t\t\t<\/div>\n\t\t<\/div>\n\t\t\t\t<div class=\"elementor-column elementor-col-50 elementor-top-column elementor-element elementor-element-ab7cf75\" data-id=\"ab7cf75\" data-element_type=\"column\">\n\t\t\t<div class=\"elementor-widget-wrap elementor-element-populated\">\n\t\t\t\t\t\t\t\t<div class=\"elementor-element elementor-element-ab9748e elementor-widget elementor-widget-image\" data-id=\"ab9748e\" data-element_type=\"widget\" data-widget_type=\"image.default\">\n\t\t\t\t<div class=\"elementor-widget-container\">\n\t\t\t\t\t\t\t\t\t\t\t\t\t\t\t<img loading=\"lazy\" decoding=\"async\" width=\"800\" height=\"600\" src=\"https:\/\/dev2.webforu.hu\/calador\/wp-content\/uploads\/2022\/06\/Landhotel-Calador-Environmental-concept-03.jpg\" class=\"attachment-full size-full wp-image-2573\" alt=\"\" srcset=\"https:\/\/dev2.webforu.hu\/calador\/wp-content\/uploads\/2022\/06\/Landhotel-Calador-Environmental-concept-03.jpg 800w, https:\/\/dev2.webforu.hu\/calador\/wp-content\/uploads\/2022\/06\/Landhotel-Calador-Environmental-concept-03-300x225.jpg 300w, https:\/\/dev2.webforu.hu\/calador\/wp-content\/uploads\/2022\/06\/Landhotel-Calador-Environmental-concept-03-768x576.jpg 768w\" sizes=\"auto, (max-width: 800px) 100vw, 800px\" \/>\t\t\t\t\t\t\t\t\t\t\t\t\t\t\t<\/div>\n\t\t\t\t<\/div>\n\t\t\t\t<div class=\"elementor-element elementor-element-32f34e9 elementor-widget elementor-widget-text-editor\" data-id=\"32f34e9\" data-element_type=\"widget\" data-widget_type=\"text-editor.default\">\n\t\t\t\t<div class=\"elementor-widget-container\">\n\t\t\t\t\t\t\t<div class=\"row top20\"><div class=\"col-md-9\"><p><span class=\"versalie\">Q<\/span>ui\u00e9n conoce los informes sobre la contaminaci\u00f3n de nuestros mares puede imaginar lo importante que es para nosotros, que estamos rodeados por el mar como una isla, evitar la basura.<\/p><p>Por lo tanto, tratamos de evitar la basura siempre que sea posible o utilizamos materiales reciclables.<\/p><p>Separamos los residuos inevitables, incluidos los de nuestros hu\u00e9spedes, de forma respetuosa con el medio ambiente y los eliminamos sin poner en peligro la naturaleza.<\/p><\/div><\/div>\t\t\t\t\t\t<\/div>\n\t\t\t\t<\/div>\n\t\t\t\t\t<\/div>\n\t\t<\/div>\n\t\t\t\t\t\t\t<\/div>\n\t\t<\/section>\n\t\t\t\t<section class=\"elementor-section elementor-top-section elementor-element elementor-element-4d02846 elementor-section-content-top elementor-hidden-desktop elementor-hidden-tablet elementor-section-boxed elementor-section-height-default elementor-section-height-default\" data-id=\"4d02846\" data-element_type=\"section\" data-settings=\"{&quot;background_background&quot;:&quot;classic&quot;}\">\n\t\t\t\t\t\t<div class=\"elementor-container elementor-column-gap-no\">\n\t\t\t\t\t<div class=\"elementor-column elementor-col-50 elementor-top-column elementor-element elementor-element-06859c6\" data-id=\"06859c6\" data-element_type=\"column\">\n\t\t\t<div class=\"elementor-widget-wrap elementor-element-populated\">\n\t\t\t\t\t\t\t\t<div class=\"elementor-element elementor-element-07c2e17 elementor-widget elementor-widget-text-editor\" data-id=\"07c2e17\" data-element_type=\"widget\" data-widget_type=\"text-editor.default\">\n\t\t\t\t<div class=\"elementor-widget-container\">\n\t\t\t\t\t\t\t<div class=\"row top20\"><div class=\"col-md-9\"><p><span class=\"versalie\">C<\/span>onsideramos que es nuestro deber ser cuidadosos con los recursos de nuestro planeta!<\/p><p>Las generaciones subsiguientes deber\u00edan, como nosotros, disfrutar de las bellezas de la Madre Tierra.<\/p><p>Lograr un alto grado de est\u00e1ndares medioambientales no es s\u00f3lo un deber para nosotros, sino tambi\u00e9n una cuesti\u00f3n de rutina.<\/p><\/div><\/div>\t\t\t\t\t\t<\/div>\n\t\t\t\t<\/div>\n\t\t\t\t<div class=\"elementor-element elementor-element-50405ce elementor-widget elementor-widget-image\" data-id=\"50405ce\" data-element_type=\"widget\" data-widget_type=\"image.default\">\n\t\t\t\t<div class=\"elementor-widget-container\">\n\t\t\t\t\t\t\t\t\t\t\t\t\t\t\t<img loading=\"lazy\" decoding=\"async\" width=\"800\" height=\"600\" src=\"https:\/\/dev2.webforu.hu\/calador\/wp-content\/uploads\/2022\/06\/Landhotel-Calador-Environmental-concept-01.jpg\" class=\"attachment-full size-full wp-image-2571\" alt=\"\" srcset=\"https:\/\/dev2.webforu.hu\/calador\/wp-content\/uploads\/2022\/06\/Landhotel-Calador-Environmental-concept-01.jpg 800w, https:\/\/dev2.webforu.hu\/calador\/wp-content\/uploads\/2022\/06\/Landhotel-Calador-Environmental-concept-01-300x225.jpg 300w, https:\/\/dev2.webforu.hu\/calador\/wp-content\/uploads\/2022\/06\/Landhotel-Calador-Environmental-concept-01-768x576.jpg 768w\" sizes=\"auto, (max-width: 800px) 100vw, 800px\" \/>\t\t\t\t\t\t\t\t\t\t\t\t\t\t\t<\/div>\n\t\t\t\t<\/div>\n\t\t\t\t\t<\/div>\n\t\t<\/div>\n\t\t\t\t<div class=\"elementor-column elementor-col-50 elementor-top-column elementor-element elementor-element-81a4e8d\" data-id=\"81a4e8d\" data-element_type=\"column\">\n\t\t\t<div class=\"elementor-widget-wrap elementor-element-populated\">\n\t\t\t\t\t\t\t\t<div class=\"elementor-element elementor-element-eb1944b elementor-widget elementor-widget-text-editor\" data-id=\"eb1944b\" data-element_type=\"widget\" data-widget_type=\"text-editor.default\">\n\t\t\t\t<div class=\"elementor-widget-container\">\n\t\t\t\t\t\t\t<div class=\"row top20\"><div class=\"col-md-9\"><div class=\"col-md-9\"><p><span class=\"versalie\">C<\/span>on casi 12 horas de sol al d\u00eda en la temporada, la electricidad del sol es casi una necesidad absoluta y no hay duda de que podemos aprovechar esta oportunidad.<\/p><p>Nuestro sistema fotovoltaico es mantenido y ampliado regularmente con los \u00faltimos est\u00e1ndares t\u00e9cnicos.<\/p><p>Por lo tanto, podemos obtener nuestra agua caliente durante la temporada casi exclusivamente del sistema solar.<\/p><\/div><\/div><\/div>\t\t\t\t\t\t<\/div>\n\t\t\t\t<\/div>\n\t\t\t\t<div class=\"elementor-element elementor-element-5310407 elementor-widget elementor-widget-image\" data-id=\"5310407\" data-element_type=\"widget\" data-widget_type=\"image.default\">\n\t\t\t\t<div class=\"elementor-widget-container\">\n\t\t\t\t\t\t\t\t\t\t\t\t\t\t\t<img loading=\"lazy\" decoding=\"async\" width=\"800\" height=\"600\" src=\"https:\/\/dev2.webforu.hu\/calador\/wp-content\/uploads\/2022\/06\/Landhotel-Calador-Environmental-concept-02.jpg\" class=\"attachment-full size-full wp-image-2572\" alt=\"\" srcset=\"https:\/\/dev2.webforu.hu\/calador\/wp-content\/uploads\/2022\/06\/Landhotel-Calador-Environmental-concept-02.jpg 800w, https:\/\/dev2.webforu.hu\/calador\/wp-content\/uploads\/2022\/06\/Landhotel-Calador-Environmental-concept-02-300x225.jpg 300w, https:\/\/dev2.webforu.hu\/calador\/wp-content\/uploads\/2022\/06\/Landhotel-Calador-Environmental-concept-02-768x576.jpg 768w\" sizes=\"auto, (max-width: 800px) 100vw, 800px\" \/>\t\t\t\t\t\t\t\t\t\t\t\t\t\t\t<\/div>\n\t\t\t\t<\/div>\n\t\t\t\t\t<\/div>\n\t\t<\/div>\n\t\t\t\t\t\t\t<\/div>\n\t\t<\/section>\n\t\t\t\t<section class=\"elementor-section elementor-top-section elementor-element elementor-element-66ceebe elementor-section-content-top elementor-hidden-desktop elementor-hidden-tablet elementor-section-boxed elementor-section-height-default elementor-section-height-default\" data-id=\"66ceebe\" data-element_type=\"section\" data-settings=\"{&quot;background_background&quot;:&quot;classic&quot;}\">\n\t\t\t\t\t\t<div class=\"elementor-container elementor-column-gap-no\">\n\t\t\t\t\t<div class=\"elementor-column elementor-col-50 elementor-top-column elementor-element elementor-element-4590af8\" data-id=\"4590af8\" data-element_type=\"column\">\n\t\t\t<div class=\"elementor-widget-wrap elementor-element-populated\">\n\t\t\t\t\t\t\t\t<div class=\"elementor-element elementor-element-c6e81f6 elementor-widget elementor-widget-text-editor\" data-id=\"c6e81f6\" data-element_type=\"widget\" data-widget_type=\"text-editor.default\">\n\t\t\t\t<div class=\"elementor-widget-container\">\n\t\t\t\t\t\t\t<div class=\"row top20\"><div class=\"col-md-9\"><p><span class=\"versalie\">R<\/span>ecientemente hemos instalado un sistema de tratamiento de agua de \u00faltima generaci\u00f3n y ahorramos una gran cantidad de agua preciosa al regar el jard\u00edn.<\/p><p>Para nosotros la calidad del agua de nuestra piscina es muy importante; en lugar de cloro industrial, dependemos de la descomposici\u00f3n natural de la sal por medio de una electr\u00f3lisis respetuosa con el medio ambiente y la piel.<\/p><p>Esto nos permite reducir el uso de productos qu\u00edmicos en nuestra piscina a un m\u00ednimo absoluto.<\/p><\/div><\/div>\t\t\t\t\t\t<\/div>\n\t\t\t\t<\/div>\n\t\t\t\t<div class=\"elementor-element elementor-element-4497a89 elementor-widget elementor-widget-image\" data-id=\"4497a89\" data-element_type=\"widget\" data-widget_type=\"image.default\">\n\t\t\t\t<div class=\"elementor-widget-container\">\n\t\t\t\t\t\t\t\t\t\t\t\t\t\t\t<img loading=\"lazy\" decoding=\"async\" width=\"800\" height=\"600\" src=\"https:\/\/dev2.webforu.hu\/calador\/wp-content\/uploads\/2022\/06\/Landhotel-Calador-Environmental-concept-03.jpg\" class=\"attachment-full size-full wp-image-2573\" alt=\"\" srcset=\"https:\/\/dev2.webforu.hu\/calador\/wp-content\/uploads\/2022\/06\/Landhotel-Calador-Environmental-concept-03.jpg 800w, https:\/\/dev2.webforu.hu\/calador\/wp-content\/uploads\/2022\/06\/Landhotel-Calador-Environmental-concept-03-300x225.jpg 300w, https:\/\/dev2.webforu.hu\/calador\/wp-content\/uploads\/2022\/06\/Landhotel-Calador-Environmental-concept-03-768x576.jpg 768w\" sizes=\"auto, (max-width: 800px) 100vw, 800px\" \/>\t\t\t\t\t\t\t\t\t\t\t\t\t\t\t<\/div>\n\t\t\t\t<\/div>\n\t\t\t\t\t<\/div>\n\t\t<\/div>\n\t\t\t\t<div class=\"elementor-column elementor-col-50 elementor-top-column elementor-element elementor-element-c66ca47\" data-id=\"c66ca47\" data-element_type=\"column\">\n\t\t\t<div class=\"elementor-widget-wrap elementor-element-populated\">\n\t\t\t\t\t\t\t\t<div class=\"elementor-element elementor-element-587ee8d elementor-widget elementor-widget-text-editor\" data-id=\"587ee8d\" data-element_type=\"widget\" data-widget_type=\"text-editor.default\">\n\t\t\t\t<div class=\"elementor-widget-container\">\n\t\t\t\t\t\t\t<div class=\"row top20\"><div class=\"col-md-9\"><p><span class=\"versalie\">Q<\/span>ui\u00e9n conoce los informes sobre la contaminaci\u00f3n de nuestros mares puede imaginar lo importante que es para nosotros, que estamos rodeados por el mar como una isla, evitar la basura.<\/p><p>Por lo tanto, tratamos de evitar la basura siempre que sea posible o utilizamos materiales reciclables.<\/p><p>Separamos los residuos inevitables, incluidos los de nuestros hu\u00e9spedes, de forma respetuosa con el medio ambiente y los eliminamos sin poner en peligro la naturaleza.<\/p><\/div><\/div>\t\t\t\t\t\t<\/div>\n\t\t\t\t<\/div>\n\t\t\t\t<div class=\"elementor-element elementor-element-4a42a4d elementor-widget elementor-widget-image\" data-id=\"4a42a4d\" data-element_type=\"widget\" data-widget_type=\"image.default\">\n\t\t\t\t<div class=\"elementor-widget-container\">\n\t\t\t\t\t\t\t\t\t\t\t\t\t\t\t<img loading=\"lazy\" decoding=\"async\" width=\"800\" height=\"600\" src=\"https:\/\/dev2.webforu.hu\/calador\/wp-content\/uploads\/2022\/06\/Landhotel-Calador-Environmental-concept-04.jpg\" class=\"attachment-full size-full wp-image-2574\" alt=\"\" srcset=\"https:\/\/dev2.webforu.hu\/calador\/wp-content\/uploads\/2022\/06\/Landhotel-Calador-Environmental-concept-04.jpg 800w, https:\/\/dev2.webforu.hu\/calador\/wp-content\/uploads\/2022\/06\/Landhotel-Calador-Environmental-concept-04-300x225.jpg 300w, https:\/\/dev2.webforu.hu\/calador\/wp-content\/uploads\/2022\/06\/Landhotel-Calador-Environmental-concept-04-768x576.jpg 768w\" sizes=\"auto, (max-width: 800px) 100vw, 800px\" \/>\t\t\t\t\t\t\t\t\t\t\t\t\t\t\t<\/div>\n\t\t\t\t<\/div>\n\t\t\t\t\t<\/div>\n\t\t<\/div>\n\t\t\t\t\t\t\t<\/div>\n\t\t<\/section>\n\t\t\t\t\t\t\t<\/div>\n\t\t","protected":false},"excerpt":{"rendered":"<p>Concepto medioambiental Un medio ambiente intacto es un requisito previo para unas vacaciones sin preocupaciones Consideramos que es nuestro deber ser cuidadosos con los recursos de nuestro planeta! Las generaciones subsiguientes deber\u00edan, como nosotros, disfrutar de las bellezas de la Madre Tierra. Lograr un alto grado de est\u00e1ndares medioambientales no es s\u00f3lo un deber para &hellip;<\/p>\n<p class=\"read-more\"> <a class=\"\" href=\"https:\/\/dev2.webforu.hu\/calador\/es\/concepto-medioambiental\/\"> <span class=\"screen-reader-text\">Concepto medioambiental<\/span> Read More &raquo;<\/a><\/p>\n","protected":false},"author":1,"featured_media":0,"parent":0,"menu_order":0,"comment_status":"closed","ping_status":"closed","template":"","meta":{"site-sidebar-layout":"no-sidebar","site-content-layout":"page-builder","ast-global-header-display":"","ast-main-header-display":"","ast-hfb-above-header-display":"","ast-hfb-below-header-display":"","ast-hfb-mobile-header-display":"","site-post-title":"disabled","ast-breadcrumbs-content":"","ast-featured-img":"disabled","footer-sml-layout":"","theme-transparent-header-meta":"default","adv-header-id-meta":"","stick-header-meta":"default","header-above-stick-meta":"","header-main-stick-meta":"","header-below-stick-meta":"","footnotes":""},"class_list":["post-2751","page","type-page","status-publish","hentry"],"acf":[],"_links":{"self":[{"href":"https:\/\/dev2.webforu.hu\/calador\/wp-json\/wp\/v2\/pages\/2751","targetHints":{"allow":["GET"]}}],"collection":[{"href":"https:\/\/dev2.webforu.hu\/calador\/wp-json\/wp\/v2\/pages"}],"about":[{"href":"https:\/\/dev2.webforu.hu\/calador\/wp-json\/wp\/v2\/types\/page"}],"author":[{"embeddable":true,"href":"https:\/\/dev2.webforu.hu\/calador\/wp-json\/wp\/v2\/users\/1"}],"replies":[{"embeddable":true,"href":"https:\/\/dev2.webforu.hu\/calador\/wp-json\/wp\/v2\/comments?post=2751"}],"version-history":[{"count":0,"href":"https:\/\/dev2.webforu.hu\/calador\/wp-json\/wp\/v2\/pages\/2751\/revisions"}],"wp:attachment":[{"href":"https:\/\/dev2.webforu.hu\/calador\/wp-json\/wp\/v2\/media?parent=2751"}],"curies":[{"name":"wp","href":"https:\/\/api.w.org\/{rel}","templated":true}]}}