{"id":2851,"date":"2022-07-11T15:56:35","date_gmt":"2022-07-11T13:56:35","guid":{"rendered":"https:\/\/dev2.webforu.hu\/calador\/?page_id=2851"},"modified":"2022-10-26T18:22:37","modified_gmt":"2022-10-26T16:22:37","slug":"preise","status":"publish","type":"page","link":"https:\/\/dev2.webforu.hu\/calador\/de\/preise\/","title":{"rendered":"Preise"},"content":{"rendered":"\t\t<div data-elementor-type=\"wp-page\" data-elementor-id=\"2851\" class=\"elementor elementor-2851\">\n\t\t\t\t\t\t\t\t\t<section class=\"elementor-section elementor-top-section elementor-element elementor-element-9ea1db9 elementor-section-boxed elementor-section-height-default elementor-section-height-default\" data-id=\"9ea1db9\" data-element_type=\"section\" data-settings=\"{&quot;background_background&quot;:&quot;classic&quot;}\">\n\t\t\t\t\t\t\t<div class=\"elementor-background-overlay\"><\/div>\n\t\t\t\t\t\t\t<div class=\"elementor-container elementor-column-gap-default\">\n\t\t\t\t\t<div class=\"elementor-column elementor-col-100 elementor-top-column elementor-element elementor-element-d7f24c7\" data-id=\"d7f24c7\" data-element_type=\"column\">\n\t\t\t<div class=\"elementor-widget-wrap elementor-element-populated\">\n\t\t\t\t\t\t\t\t<div class=\"elementor-element elementor-element-9d916d8 elementor-widget elementor-widget-heading\" data-id=\"9d916d8\" data-element_type=\"widget\" data-widget_type=\"heading.default\">\n\t\t\t\t<div class=\"elementor-widget-container\">\n\t\t\t<style>\/*! elementor - v3.9.0 - 06-12-2022 *\/\n.elementor-heading-title{padding:0;margin:0;line-height:1}.elementor-widget-heading .elementor-heading-title[class*=elementor-size-]>a{color:inherit;font-size:inherit;line-height:inherit}.elementor-widget-heading .elementor-heading-title.elementor-size-small{font-size:15px}.elementor-widget-heading .elementor-heading-title.elementor-size-medium{font-size:19px}.elementor-widget-heading .elementor-heading-title.elementor-size-large{font-size:29px}.elementor-widget-heading .elementor-heading-title.elementor-size-xl{font-size:39px}.elementor-widget-heading .elementor-heading-title.elementor-size-xxl{font-size:59px}<\/style><h1 class=\"elementor-heading-title elementor-size-default\">Preise<\/h1>\t\t<\/div>\n\t\t\t\t<\/div>\n\t\t\t\t<div class=\"elementor-element elementor-element-ad8b38e elementor-widget elementor-widget-text-editor\" data-id=\"ad8b38e\" data-element_type=\"widget\" data-widget_type=\"text-editor.default\">\n\t\t\t\t<div class=\"elementor-widget-container\">\n\t\t\t<style>\/*! elementor - v3.9.0 - 06-12-2022 *\/\n.elementor-widget-text-editor.elementor-drop-cap-view-stacked .elementor-drop-cap{background-color:#818a91;color:#fff}.elementor-widget-text-editor.elementor-drop-cap-view-framed .elementor-drop-cap{color:#818a91;border:3px solid;background-color:transparent}.elementor-widget-text-editor:not(.elementor-drop-cap-view-default) .elementor-drop-cap{margin-top:8px}.elementor-widget-text-editor:not(.elementor-drop-cap-view-default) .elementor-drop-cap-letter{width:1em;height:1em}.elementor-widget-text-editor .elementor-drop-cap{float:left;text-align:center;line-height:1;font-size:50px}.elementor-widget-text-editor .elementor-drop-cap-letter{display:inline-block}<\/style>\t\t\t\tUnsere Preise sind der Qualit\u00e4t, der Lage, der Ausstattung und dem Service entsprechend. Sie sind im Vergleich zu \u00e4hnlichen Mitberbern wettbewerbsf\u00e4hig und bieten ein sehr attraktives Preis- Leistungsverh\u00e4ltnis.\t\t\t\t\t\t<\/div>\n\t\t\t\t<\/div>\n\t\t\t\t\t<\/div>\n\t\t<\/div>\n\t\t\t\t\t\t\t<\/div>\n\t\t<\/section>\n\t\t\t\t<section class=\"elementor-section elementor-top-section elementor-element elementor-element-74e4e6e elementor-section-boxed elementor-section-height-default elementor-section-height-default\" data-id=\"74e4e6e\" data-element_type=\"section\">\n\t\t\t\t\t\t<div class=\"elementor-container elementor-column-gap-default\">\n\t\t\t\t\t<div class=\"elementor-column elementor-col-100 elementor-top-column elementor-element elementor-element-1380af0\" data-id=\"1380af0\" data-element_type=\"column\">\n\t\t\t<div class=\"elementor-widget-wrap elementor-element-populated\">\n\t\t\t\t\t\t\t\t<div class=\"elementor-element elementor-element-3f29684 elementor-widget elementor-widget-shortcode\" data-id=\"3f29684\" data-element_type=\"widget\" data-widget_type=\"shortcode.default\">\n\t\t\t\t<div class=\"elementor-widget-container\">\n\t\t\t\t\t<div class=\"elementor-shortcode\">\t\t<div data-elementor-type=\"section\" data-elementor-id=\"2614\" class=\"elementor elementor-2614\">\n\t\t\t\t\t\t\t\t<section class=\"elementor-section elementor-top-section elementor-element elementor-element-206bf4f9 elementor-section-boxed elementor-section-height-default elementor-section-height-default\" data-id=\"206bf4f9\" data-element_type=\"section\">\n\t\t\t\t\t\t<div class=\"elementor-container elementor-column-gap-default\">\n\t\t\t\t\t<div class=\"elementor-column elementor-col-100 elementor-top-column elementor-element elementor-element-5ca979f9\" data-id=\"5ca979f9\" data-element_type=\"column\">\n\t\t\t<div class=\"elementor-widget-wrap elementor-element-populated\">\n\t\t\t\t\t\t\t\t<div class=\"elementor-element elementor-element-8a07575 elementor-widget elementor-widget-heading\" data-id=\"8a07575\" data-element_type=\"widget\" data-widget_type=\"heading.default\">\n\t\t\t\t<div class=\"elementor-widget-container\">\n\t\t\t<h2 class=\"elementor-heading-title elementor-size-default\">Preise 2022<\/h2>\t\t<\/div>\n\t\t\t\t<\/div>\n\t\t\t\t<section class=\"elementor-section elementor-inner-section elementor-element elementor-element-dca502f price_table elementor-section-boxed elementor-section-height-default elementor-section-height-default\" data-id=\"dca502f\" data-element_type=\"section\">\n\t\t\t\t\t\t<div class=\"elementor-container elementor-column-gap-default\">\n\t\t\t\t\t<div class=\"elementor-column elementor-col-100 elementor-inner-column elementor-element elementor-element-b07e2b\" data-id=\"b07e2b\" data-element_type=\"column\">\n\t\t\t<div class=\"elementor-widget-wrap elementor-element-populated\">\n\t\t\t\t\t\t\t\t<div class=\"elementor-element elementor-element-393af83 elementor-widget elementor-widget-text-editor\" data-id=\"393af83\" data-element_type=\"widget\" id=\"price_table\" data-widget_type=\"text-editor.default\">\n\t\t\t\t<div class=\"elementor-widget-container\">\n\t\t\t\t\t\t\t<div class=\"price_table\"><table><tbody><tr><th>\u00a0<\/th><th>08.04.-27.04<\/th><th>28.04.-26.05<br \/>01.10.-31.10.<\/th><th>27.05.-30.06.<br \/>01.09.-30.09.<\/th><th>01.07.-07.07.<br \/>22.08.-31.08.<\/th><th>08.07.-21.08.<\/th><\/tr><tr><th>Economy studio<\/th><td>75 \u20ac<\/td><td>85 \u20ac<\/td><td>100 \u20ac<\/td><td>120 \u20ac<\/td><td>135 \u20ac<\/td><\/tr><tr><th>Studio mit Terrasse<\/th><td>95 \u20ac<\/td><td>110\u00a0\u20ac<\/td><td>140\u00a0\u20ac<\/td><td>155\u00a0\u20ac<\/td><td>170\u00a0\u20ac<\/td><\/tr><tr><th>Gartenappartment<\/th><td>130 \u20ac<\/td><td>160\u00a0\u20ac<\/td><td>210\u00a0\u20ac<\/td><td>240\u00a0\u20ac<\/td><td>260\u00a0\u20ac<\/td><\/tr><tr><th>Turmstudio<\/th><td>140\u00a0\u20ac<\/td><td>170\u00a0\u20ac<\/td><td>220\u00a0\u20ac<\/td><td>250\u00a0\u20ac<\/td><td>270\u00a0\u20ac<\/td><\/tr><tr><th>Superior Appartement<\/th><td>195\u00a0\u20ac<\/td><td>235\u00a0\u20ac<\/td><td>290\u00a0\u20ac<\/td><td>360\u00a0\u20ac<\/td><td>385\u00a0\u20ac<\/td><\/tr><tr><th>Appartement Deluxe<\/th><td>210\u00a0\u20ac<\/td><td>260\u00a0\u20ac<\/td><td>340\u00a0\u20ac<\/td><td>395\u00a0\u20ac<\/td><td>430\u00a0\u20ac<\/td><\/tr><tr><th>1\u00a0extra\u00a0Person &gt;6\u00a0J.<\/th><td>15\u00a0\u20ac<\/td><td>20\u00a0\u20ac<\/td><td>35\u00a0\u20ac<\/td><td>40\u00a0\u20ac<\/td><td>45\u00a0\u20ac<\/td><\/tr><\/tbody><\/table><\/div>\t\t\t\t\t\t<\/div>\n\t\t\t\t<\/div>\n\t\t\t\t\t<\/div>\n\t\t<\/div>\n\t\t\t\t\t\t\t<\/div>\n\t\t<\/section>\n\t\t\t\t<div class=\"elementor-element elementor-element-16b159a6 elementor-widget elementor-widget-text-editor\" data-id=\"16b159a6\" data-element_type=\"widget\" data-widget_type=\"text-editor.default\">\n\t\t\t\t<div class=\"elementor-widget-container\">\n\t\t\t\t\t\t\t<p>Fr\u00fchst\u00fcck:\u00a014\u00a0\u20ac; Halbpension:\u00a040\u00a0\u20ac jeweils pro Person. Kinder bis 12 Jahren -50%<\/p>\t\t\t\t\t\t<\/div>\n\t\t\t\t<\/div>\n\t\t\t\t<div class=\"elementor-element elementor-element-73d49310 elementor-widget elementor-widget-text-editor\" data-id=\"73d49310\" data-element_type=\"widget\" data-widget_type=\"text-editor.default\">\n\t\t\t\t<div class=\"elementor-widget-container\">\n\t\t\t\t\t\t\t<p>Alle Preise pro Einheit und Nacht inkl. MwSt.\u00a0Tourismusabgabe nicht in den Preisen inkludiert.<\/p>\t\t\t\t\t\t<\/div>\n\t\t\t\t<\/div>\n\t\t\t\t\t<\/div>\n\t\t<\/div>\n\t\t\t\t\t\t\t<\/div>\n\t\t<\/section>\n\t\t\t\t\t\t<\/div>\n\t\t<\/div>\n\t\t\t\t<\/div>\n\t\t\t\t<\/div>\n\t\t\t\t<div class=\"elementor-element elementor-element-b11282a elementor-widget elementor-widget-shortcode\" data-id=\"b11282a\" data-element_type=\"widget\" data-widget_type=\"shortcode.default\">\n\t\t\t\t<div class=\"elementor-widget-container\">\n\t\t\t\t\t<div class=\"elementor-shortcode\"><\/div>\n\t\t\t\t<\/div>\n\t\t\t\t<\/div>\n\t\t\t\t\t<\/div>\n\t\t<\/div>\n\t\t\t\t\t\t\t<\/div>\n\t\t<\/section>\n\t\t\t\t\t\t\t<\/div>\n\t\t","protected":false},"excerpt":{"rendered":"<p>Preise Unsere Preise sind der Qualit\u00e4t, der Lage, der Ausstattung und dem Service entsprechend. Sie sind im Vergleich zu \u00e4hnlichen Mitberbern wettbewerbsf\u00e4hig und bieten ein sehr attraktives Preis- Leistungsverh\u00e4ltnis.<\/p>\n","protected":false},"author":1,"featured_media":0,"parent":0,"menu_order":0,"comment_status":"closed","ping_status":"closed","template":"","meta":{"site-sidebar-layout":"no-sidebar","site-content-layout":"page-builder","ast-global-header-display":"","ast-main-header-display":"","ast-hfb-above-header-display":"","ast-hfb-below-header-display":"","ast-hfb-mobile-header-display":"","site-post-title":"disabled","ast-breadcrumbs-content":"","ast-featured-img":"disabled","footer-sml-layout":"","theme-transparent-header-meta":"enabled","adv-header-id-meta":"","stick-header-meta":"default","header-above-stick-meta":"","header-main-stick-meta":"","header-below-stick-meta":"","footnotes":""},"class_list":["post-2851","page","type-page","status-publish","hentry"],"acf":[],"_links":{"self":[{"href":"https:\/\/dev2.webforu.hu\/calador\/wp-json\/wp\/v2\/pages\/2851","targetHints":{"allow":["GET"]}}],"collection":[{"href":"https:\/\/dev2.webforu.hu\/calador\/wp-json\/wp\/v2\/pages"}],"about":[{"href":"https:\/\/dev2.webforu.hu\/calador\/wp-json\/wp\/v2\/types\/page"}],"author":[{"embeddable":true,"href":"https:\/\/dev2.webforu.hu\/calador\/wp-json\/wp\/v2\/users\/1"}],"replies":[{"embeddable":true,"href":"https:\/\/dev2.webforu.hu\/calador\/wp-json\/wp\/v2\/comments?post=2851"}],"version-history":[{"count":0,"href":"https:\/\/dev2.webforu.hu\/calador\/wp-json\/wp\/v2\/pages\/2851\/revisions"}],"wp:attachment":[{"href":"https:\/\/dev2.webforu.hu\/calador\/wp-json\/wp\/v2\/media?parent=2851"}],"curies":[{"name":"wp","href":"https:\/\/api.w.org\/{rel}","templated":true}]}}