{"id":3131,"date":"2022-07-11T19:27:23","date_gmt":"2022-07-11T17:27:23","guid":{"rendered":"https:\/\/dev2.webforu.hu\/calador\/?page_id=3131"},"modified":"2023-01-11T13:29:03","modified_gmt":"2023-01-11T12:29:03","slug":"aviso-legal","status":"publish","type":"page","link":"https:\/\/dev2.webforu.hu\/calador\/es\/aviso-legal\/","title":{"rendered":"Aviso legal"},"content":{"rendered":"\t\t<div data-elementor-type=\"wp-page\" data-elementor-id=\"3131\" class=\"elementor elementor-3131\">\n\t\t\t\t\t\t\t\t\t<section class=\"elementor-section elementor-top-section elementor-element elementor-element-f23cebf elementor-section-boxed elementor-section-height-default elementor-section-height-default\" data-id=\"f23cebf\" data-element_type=\"section\" data-settings=\"{&quot;background_background&quot;:&quot;classic&quot;}\">\n\t\t\t\t\t\t\t<div class=\"elementor-background-overlay\"><\/div>\n\t\t\t\t\t\t\t<div class=\"elementor-container elementor-column-gap-default\">\n\t\t\t\t\t<div class=\"elementor-column elementor-col-100 elementor-top-column elementor-element elementor-element-c4b169f\" data-id=\"c4b169f\" data-element_type=\"column\">\n\t\t\t<div class=\"elementor-widget-wrap elementor-element-populated\">\n\t\t\t\t\t\t\t\t<div class=\"elementor-element elementor-element-ccbea7c elementor-widget elementor-widget-heading\" data-id=\"ccbea7c\" data-element_type=\"widget\" data-widget_type=\"heading.default\">\n\t\t\t\t<div class=\"elementor-widget-container\">\n\t\t\t<style>\/*! elementor - v3.9.0 - 06-12-2022 *\/\n.elementor-heading-title{padding:0;margin:0;line-height:1}.elementor-widget-heading .elementor-heading-title[class*=elementor-size-]>a{color:inherit;font-size:inherit;line-height:inherit}.elementor-widget-heading .elementor-heading-title.elementor-size-small{font-size:15px}.elementor-widget-heading .elementor-heading-title.elementor-size-medium{font-size:19px}.elementor-widget-heading .elementor-heading-title.elementor-size-large{font-size:29px}.elementor-widget-heading .elementor-heading-title.elementor-size-xl{font-size:39px}.elementor-widget-heading .elementor-heading-title.elementor-size-xxl{font-size:59px}<\/style><h1 class=\"elementor-heading-title elementor-size-default\">Aviso legal<\/h1>\t\t<\/div>\n\t\t\t\t<\/div>\n\t\t\t\t\t<\/div>\n\t\t<\/div>\n\t\t\t\t\t\t\t<\/div>\n\t\t<\/section>\n\t\t\t\t<section class=\"elementor-section elementor-top-section elementor-element elementor-element-3741068 elementor-section-boxed elementor-section-height-default elementor-section-height-default\" data-id=\"3741068\" data-element_type=\"section\" data-settings=\"{&quot;background_background&quot;:&quot;classic&quot;}\">\n\t\t\t\t\t\t<div class=\"elementor-container elementor-column-gap-default\">\n\t\t\t\t\t<div class=\"elementor-column elementor-col-100 elementor-top-column elementor-element elementor-element-704c0bc\" data-id=\"704c0bc\" data-element_type=\"column\">\n\t\t\t<div class=\"elementor-widget-wrap elementor-element-populated\">\n\t\t\t\t\t\t\t\t<div class=\"elementor-element elementor-element-14dd4da elementor-widget elementor-widget-heading\" data-id=\"14dd4da\" data-element_type=\"widget\" data-widget_type=\"heading.default\">\n\t\t\t\t<div class=\"elementor-widget-container\">\n\t\t\t<h2 class=\"elementor-heading-title elementor-size-default\">Informaci\u00f3n \u00a75 Ley de Comercio Electr\u00f3nico.<\/h2>\t\t<\/div>\n\t\t\t\t<\/div>\n\t\t\t\t\t<\/div>\n\t\t<\/div>\n\t\t\t\t\t\t\t<\/div>\n\t\t<\/section>\n\t\t\t\t<section class=\"elementor-section elementor-top-section elementor-element elementor-element-0e431c9 elementor-section-boxed elementor-section-height-default elementor-section-height-default\" data-id=\"0e431c9\" data-element_type=\"section\">\n\t\t\t\t\t\t<div class=\"elementor-container elementor-column-gap-default\">\n\t\t\t\t\t<div class=\"elementor-column elementor-col-100 elementor-top-column elementor-element elementor-element-d442335\" data-id=\"d442335\" data-element_type=\"column\">\n\t\t\t<div class=\"elementor-widget-wrap elementor-element-populated\">\n\t\t\t\t\t\t\t\t<section class=\"elementor-section elementor-inner-section elementor-element elementor-element-fcada38 elementor-section-boxed elementor-section-height-default elementor-section-height-default\" data-id=\"fcada38\" data-element_type=\"section\">\n\t\t\t\t\t\t<div class=\"elementor-container elementor-column-gap-default\">\n\t\t\t\t\t<div class=\"elementor-column elementor-col-50 elementor-inner-column elementor-element elementor-element-e57aa6b\" data-id=\"e57aa6b\" data-element_type=\"column\">\n\t\t\t<div class=\"elementor-widget-wrap elementor-element-populated\">\n\t\t\t\t\t\t\t\t<div class=\"elementor-element elementor-element-d6ddef2 elementor-widget elementor-widget-text-editor\" data-id=\"d6ddef2\" data-element_type=\"widget\" data-widget_type=\"text-editor.default\">\n\t\t\t\t<div class=\"elementor-widget-container\">\n\t\t\t<style>\/*! elementor - v3.9.0 - 06-12-2022 *\/\n.elementor-widget-text-editor.elementor-drop-cap-view-stacked .elementor-drop-cap{background-color:#818a91;color:#fff}.elementor-widget-text-editor.elementor-drop-cap-view-framed .elementor-drop-cap{color:#818a91;border:3px solid;background-color:transparent}.elementor-widget-text-editor:not(.elementor-drop-cap-view-default) .elementor-drop-cap{margin-top:8px}.elementor-widget-text-editor:not(.elementor-drop-cap-view-default) .elementor-drop-cap-letter{width:1em;height:1em}.elementor-widget-text-editor .elementor-drop-cap{float:left;text-align:center;line-height:1;font-size:50px}.elementor-widget-text-editor .elementor-drop-cap-letter{display:inline-block}<\/style>\t\t\t\t<p><strong>Landhotel Calador S.L.<\/strong><br \/>Administraci\u00f3n: Fr. Taryn Pickett<br \/><br \/><strong>Direcci\u00f3n:<\/strong><br \/>C.\/ Cala Carbo S\/N<br \/>07830 San Jos\u00e9\/Ibiza\/Islas Baleares, Espa\u00f1a<br \/><br \/><strong>Correo postal:<br \/><\/strong><br \/>Apartado de correos 570<br \/>07830 San Jos\u00e9\/Ibiza\/Islas Baleares, Espa\u00f1a<\/p>\t\t\t\t\t\t<\/div>\n\t\t\t\t<\/div>\n\t\t\t\t\t<\/div>\n\t\t<\/div>\n\t\t\t\t<div class=\"elementor-column elementor-col-50 elementor-inner-column elementor-element elementor-element-0a697de\" data-id=\"0a697de\" data-element_type=\"column\">\n\t\t\t<div class=\"elementor-widget-wrap elementor-element-populated\">\n\t\t\t\t\t\t\t\t<div class=\"elementor-element elementor-element-b4ca47e elementor-hidden-tablet elementor-hidden-mobile elementor-widget elementor-widget-text-editor\" data-id=\"b4ca47e\" data-element_type=\"widget\" data-widget_type=\"text-editor.default\">\n\t\t\t\t<div class=\"elementor-widget-container\">\n\t\t\t\t\t\t\t<p>Tel\u00e9fono:<a href=\"tel:+34 971 808 574\"> +34 971 808 574<\/a><br \/>Tel\u00e9fono m\u00f3vil: <a href=\"tel:+34 656 91 24 95\">+34 689 766 122<\/a><br \/>Correo electr\u00f3nico: <a href=\"mailto:calador@mail.de\">calador@mail.de<\/a><\/p><p>N\u00famero de identificaci\u00f3n de IVA: ES B07 075 914<br \/>N\u00famero de licencia: Apartementos A-PM-1978, tercera categoria<\/p><p>Sede de la empresa:<br \/>Carrer del Bisbe Abad i Lasierra 2<br \/>07800 Ibiza, Islas Baleares<\/p>\t\t\t\t\t\t<\/div>\n\t\t\t\t<\/div>\n\t\t\t\t<div class=\"elementor-element elementor-element-c58d766 elementor-hidden-desktop elementor-widget elementor-widget-text-editor\" data-id=\"c58d766\" data-element_type=\"widget\" data-widget_type=\"text-editor.default\">\n\t\t\t\t<div class=\"elementor-widget-container\">\n\t\t\t\t\t\t\t<p>Tel\u00e9fono: <a href=\"tel:+34 971 808 574\">+34 971 808 574<\/a><br \/>Tel\u00e9fono m\u00f3vil: <a href=\"tel:+34 656 91 24 95\">+34 689 766 122<\/a><br \/>Correo electr\u00f3nico:<br \/><a href=\"mailto: info@calador-ibiza.com\"> info@calador-ibiza.com<\/a><\/p><p>N\u00famero de identificaci\u00f3n de IVA:<br \/>ES B07 075 914<br \/>N\u00famero de licencia:<br \/>Apartementos A-PM-1978, tercera categoria<\/p><p>Sede de la empresa:<br \/>Carrer del Bisbe Abad i Lasierra 2<br \/>07800 Ibiza, Islas Baleares<\/p>\t\t\t\t\t\t<\/div>\n\t\t\t\t<\/div>\n\t\t\t\t\t<\/div>\n\t\t<\/div>\n\t\t\t\t\t\t\t<\/div>\n\t\t<\/section>\n\t\t\t\t<div class=\"elementor-element elementor-element-ea5505e elementor-widget elementor-widget-text-editor\" data-id=\"ea5505e\" data-element_type=\"widget\" data-widget_type=\"text-editor.default\">\n\t\t\t\t<div class=\"elementor-widget-container\">\n\t\t\t\t\t\t\t<p>Comisionado de protecci\u00f3n de datos: Fr. Taryn Pickett (Contact details as above).<\/p>\t\t\t\t\t\t<\/div>\n\t\t\t\t<\/div>\n\t\t\t\t<div class=\"elementor-element elementor-element-410393b elementor-widget elementor-widget-text-editor\" data-id=\"410393b\" data-element_type=\"widget\" data-widget_type=\"text-editor.default\">\n\t\t\t\t<div class=\"elementor-widget-container\">\n\t\t\t\t\t\t\t<a target=\"_blank\" href=\"https:\/\/dev2.webforu.hu\/calador\/wp-content\/uploads\/2022\/07\/General-de-Proteccion-de-Datos-de-la-Union-Europea-2.pdf\">Reglamento de protecci\u00f3n de datos b\u00e1sicos en formato PDF<\/a>\t\t\t\t\t\t<\/div>\n\t\t\t\t<\/div>\n\t\t\t\t<div class=\"elementor-element elementor-element-e1679e7 elementor-widget elementor-widget-text-editor\" data-id=\"e1679e7\" data-element_type=\"widget\" data-widget_type=\"text-editor.default\">\n\t\t\t\t<div class=\"elementor-widget-container\">\n\t\t\t\t\t\t\tToda la informaci\u00f3n publicada aqu\u00ed es propiedad del Landhotel Calador S.L., Ibiza, Espa\u00f1a. Una reproducci\u00f3n o reproducci\u00f3n de la totalidad o partes es sin el permiso por escrito del Landhotel Calador S.L. excluido. Claudia Schubert, Apartado de correos 570, Cala Carb\u00f3, E-07830 San Jos\u00e9, Ibiza-Baleares, Espa\u00f1a, es responsable del contenido de esta p\u00e1gina web.<br>\nPara el contenido de los enlaces en esta p\u00e1gina de inicio, no nos hacemos responsables y nos identificamos de alguna manera con su contenido.\t\t\t\t\t\t<\/div>\n\t\t\t\t<\/div>\n\t\t\t\t<div class=\"elementor-element elementor-element-17f5bb7 elementor-widget elementor-widget-text-editor\" data-id=\"17f5bb7\" data-element_type=\"widget\" data-widget_type=\"text-editor.default\">\n\t\t\t\t<div class=\"elementor-widget-container\">\n\t\t\t\t\t\t\tEl sitio web de Landhotel Calador S.L. y cualquier relaci\u00f3n legal que surja del alojamiento y otros servicios prestados por ella est\u00e1 sujeta a la ley espa\u00f1ola. Por lo tanto, los tribunales de Ibiza son responsables de resolver cualquier disputa que pueda surgir con los usuarios con respecto a los T\u00e9rminos de uso y de cualquier otra queja en cuanto al contenido y los servicios, las partes expresamente a su propia jurisdicci\u00f3n o ley aplicable o cualquier Otros, que podr\u00edan tener derecho a ellos, renuncian.\t\t\t\t\t\t<\/div>\n\t\t\t\t<\/div>\n\t\t\t\t<div class=\"elementor-element elementor-element-9a516ad elementor-widget elementor-widget-text-editor\" data-id=\"9a516ad\" data-element_type=\"widget\" data-widget_type=\"text-editor.default\">\n\t\t\t\t<div class=\"elementor-widget-container\">\n\t\t\t\t\t\t\t*Para mejorar la legibilidad de los textos, elegimos la forma masculina o femenina de los nombres personales. Esto no implica una discriminaci\u00f3n del sexo opuesto.\nLas mujeres y los hombres pueden sentirse igualmente atra\u00eddos por el contenido de nuestro sitio web.\t\t\t\t\t\t<\/div>\n\t\t\t\t<\/div>\n\t\t\t\t\t<\/div>\n\t\t<\/div>\n\t\t\t\t\t\t\t<\/div>\n\t\t<\/section>\n\t\t\t\t\t\t\t<\/div>\n\t\t","protected":false},"excerpt":{"rendered":"<p>Aviso legal Informaci\u00f3n \u00a75 Ley de Comercio Electr\u00f3nico. Landhotel Calador S.L.Administraci\u00f3n: Fr. Taryn Pickett Direcci\u00f3n:C.\/ Cala Carbo S\/N07830 San Jos\u00e9\/Ibiza\/Islas Baleares, Espa\u00f1a Correo postal:Apartado de correos 57007830 San Jos\u00e9\/Ibiza\/Islas Baleares, Espa\u00f1a Tel\u00e9fono: +34 971 808 574Tel\u00e9fono m\u00f3vil: +34 689 766 122Correo electr\u00f3nico: calador@mail.de N\u00famero de identificaci\u00f3n de IVA: ES B07 075 914N\u00famero de licencia: Apartementos &hellip;<\/p>\n<p class=\"read-more\"> <a class=\"\" href=\"https:\/\/dev2.webforu.hu\/calador\/es\/aviso-legal\/\"> <span class=\"screen-reader-text\">Aviso legal<\/span> Read More &raquo;<\/a><\/p>\n","protected":false},"author":1,"featured_media":0,"parent":0,"menu_order":0,"comment_status":"closed","ping_status":"closed","template":"","meta":{"site-sidebar-layout":"no-sidebar","site-content-layout":"page-builder","ast-global-header-display":"","ast-main-header-display":"","ast-hfb-above-header-display":"","ast-hfb-below-header-display":"","ast-hfb-mobile-header-display":"","site-post-title":"disabled","ast-breadcrumbs-content":"","ast-featured-img":"disabled","footer-sml-layout":"","theme-transparent-header-meta":"enabled","adv-header-id-meta":"","stick-header-meta":"default","header-above-stick-meta":"","header-main-stick-meta":"","header-below-stick-meta":"","footnotes":""},"class_list":["post-3131","page","type-page","status-publish","hentry"],"acf":[],"_links":{"self":[{"href":"https:\/\/dev2.webforu.hu\/calador\/wp-json\/wp\/v2\/pages\/3131","targetHints":{"allow":["GET"]}}],"collection":[{"href":"https:\/\/dev2.webforu.hu\/calador\/wp-json\/wp\/v2\/pages"}],"about":[{"href":"https:\/\/dev2.webforu.hu\/calador\/wp-json\/wp\/v2\/types\/page"}],"author":[{"embeddable":true,"href":"https:\/\/dev2.webforu.hu\/calador\/wp-json\/wp\/v2\/users\/1"}],"replies":[{"embeddable":true,"href":"https:\/\/dev2.webforu.hu\/calador\/wp-json\/wp\/v2\/comments?post=3131"}],"version-history":[{"count":6,"href":"https:\/\/dev2.webforu.hu\/calador\/wp-json\/wp\/v2\/pages\/3131\/revisions"}],"predecessor-version":[{"id":5293,"href":"https:\/\/dev2.webforu.hu\/calador\/wp-json\/wp\/v2\/pages\/3131\/revisions\/5293"}],"wp:attachment":[{"href":"https:\/\/dev2.webforu.hu\/calador\/wp-json\/wp\/v2\/media?parent=3131"}],"curies":[{"name":"wp","href":"https:\/\/api.w.org\/{rel}","templated":true}]}}