{"id":3167,"date":"2022-07-11T19:27:23","date_gmt":"2022-07-11T17:27:23","guid":{"rendered":"https:\/\/dev2.webforu.hu\/calador\/?page_id=3167"},"modified":"2023-01-11T13:28:42","modified_gmt":"2023-01-11T12:28:42","slug":"impressum","status":"publish","type":"page","link":"https:\/\/dev2.webforu.hu\/calador\/de\/impressum\/","title":{"rendered":"Impressum"},"content":{"rendered":"\t\t<div data-elementor-type=\"wp-page\" data-elementor-id=\"3167\" class=\"elementor elementor-3167\">\n\t\t\t\t\t\t\t\t\t<section class=\"elementor-section elementor-top-section elementor-element elementor-element-f23cebf elementor-section-boxed elementor-section-height-default elementor-section-height-default\" data-id=\"f23cebf\" data-element_type=\"section\" data-settings=\"{&quot;background_background&quot;:&quot;classic&quot;}\">\n\t\t\t\t\t\t\t<div class=\"elementor-background-overlay\"><\/div>\n\t\t\t\t\t\t\t<div class=\"elementor-container elementor-column-gap-default\">\n\t\t\t\t\t<div class=\"elementor-column elementor-col-100 elementor-top-column elementor-element elementor-element-c4b169f\" data-id=\"c4b169f\" data-element_type=\"column\">\n\t\t\t<div class=\"elementor-widget-wrap elementor-element-populated\">\n\t\t\t\t\t\t\t\t<div class=\"elementor-element elementor-element-ccbea7c elementor-widget elementor-widget-heading\" data-id=\"ccbea7c\" data-element_type=\"widget\" data-widget_type=\"heading.default\">\n\t\t\t\t<div class=\"elementor-widget-container\">\n\t\t\t<style>\/*! elementor - v3.9.0 - 06-12-2022 *\/\n.elementor-heading-title{padding:0;margin:0;line-height:1}.elementor-widget-heading .elementor-heading-title[class*=elementor-size-]>a{color:inherit;font-size:inherit;line-height:inherit}.elementor-widget-heading .elementor-heading-title.elementor-size-small{font-size:15px}.elementor-widget-heading .elementor-heading-title.elementor-size-medium{font-size:19px}.elementor-widget-heading .elementor-heading-title.elementor-size-large{font-size:29px}.elementor-widget-heading .elementor-heading-title.elementor-size-xl{font-size:39px}.elementor-widget-heading .elementor-heading-title.elementor-size-xxl{font-size:59px}<\/style><h1 class=\"elementor-heading-title elementor-size-default\">Impressum<\/h1>\t\t<\/div>\n\t\t\t\t<\/div>\n\t\t\t\t\t<\/div>\n\t\t<\/div>\n\t\t\t\t\t\t\t<\/div>\n\t\t<\/section>\n\t\t\t\t<section class=\"elementor-section elementor-top-section elementor-element elementor-element-3741068 elementor-section-boxed elementor-section-height-default elementor-section-height-default\" data-id=\"3741068\" data-element_type=\"section\" data-settings=\"{&quot;background_background&quot;:&quot;classic&quot;}\">\n\t\t\t\t\t\t<div class=\"elementor-container elementor-column-gap-default\">\n\t\t\t\t\t<div class=\"elementor-column elementor-col-100 elementor-top-column elementor-element elementor-element-704c0bc\" data-id=\"704c0bc\" data-element_type=\"column\">\n\t\t\t<div class=\"elementor-widget-wrap elementor-element-populated\">\n\t\t\t\t\t\t\t\t<div class=\"elementor-element elementor-element-8815d17 elementor-widget elementor-widget-heading\" data-id=\"8815d17\" data-element_type=\"widget\" data-widget_type=\"heading.default\">\n\t\t\t\t<div class=\"elementor-widget-container\">\n\t\t\t<h2 class=\"elementor-heading-title elementor-size-default\">Information \u00a75 E- Commerce Gesetz<\/h2>\t\t<\/div>\n\t\t\t\t<\/div>\n\t\t\t\t\t<\/div>\n\t\t<\/div>\n\t\t\t\t\t\t\t<\/div>\n\t\t<\/section>\n\t\t\t\t<section class=\"elementor-section elementor-top-section elementor-element elementor-element-0e431c9 elementor-section-boxed elementor-section-height-default elementor-section-height-default\" data-id=\"0e431c9\" data-element_type=\"section\">\n\t\t\t\t\t\t<div class=\"elementor-container elementor-column-gap-default\">\n\t\t\t\t\t<div class=\"elementor-column elementor-col-100 elementor-top-column elementor-element elementor-element-d442335\" data-id=\"d442335\" data-element_type=\"column\">\n\t\t\t<div class=\"elementor-widget-wrap elementor-element-populated\">\n\t\t\t\t\t\t\t\t<section class=\"elementor-section elementor-inner-section elementor-element elementor-element-fcada38 elementor-section-boxed elementor-section-height-default elementor-section-height-default\" data-id=\"fcada38\" data-element_type=\"section\">\n\t\t\t\t\t\t<div class=\"elementor-container elementor-column-gap-default\">\n\t\t\t\t\t<div class=\"elementor-column elementor-col-50 elementor-inner-column elementor-element elementor-element-e57aa6b\" data-id=\"e57aa6b\" data-element_type=\"column\">\n\t\t\t<div class=\"elementor-widget-wrap elementor-element-populated\">\n\t\t\t\t\t\t\t\t<div class=\"elementor-element elementor-element-d6ddef2 elementor-widget elementor-widget-text-editor\" data-id=\"d6ddef2\" data-element_type=\"widget\" data-widget_type=\"text-editor.default\">\n\t\t\t\t<div class=\"elementor-widget-container\">\n\t\t\t<style>\/*! elementor - v3.9.0 - 06-12-2022 *\/\n.elementor-widget-text-editor.elementor-drop-cap-view-stacked .elementor-drop-cap{background-color:#818a91;color:#fff}.elementor-widget-text-editor.elementor-drop-cap-view-framed .elementor-drop-cap{color:#818a91;border:3px solid;background-color:transparent}.elementor-widget-text-editor:not(.elementor-drop-cap-view-default) .elementor-drop-cap{margin-top:8px}.elementor-widget-text-editor:not(.elementor-drop-cap-view-default) .elementor-drop-cap-letter{width:1em;height:1em}.elementor-widget-text-editor .elementor-drop-cap{float:left;text-align:center;line-height:1;font-size:50px}.elementor-widget-text-editor .elementor-drop-cap-letter{display:inline-block}<\/style>\t\t\t\t<p><strong>Landhotel Calador S.L.<\/strong><br \/>Gesch\u00e4ftsf\u00fchrung: Fr. Taryn Pickett<\/p><p><strong>Address:<\/strong><br \/>C.\/ Cala Carbo S\/N<br \/>07830 San Jos\u00e9\/Ibiza\/Islas Baleares, Espa\u00f1a<\/p><p><strong>Mailing address:<\/strong><br \/>Apartado de correos 570<br \/>07830 San Jos\u00e9\/Ibiza\/Islas Baleares, Espa\u00f1a<\/p>\t\t\t\t\t\t<\/div>\n\t\t\t\t<\/div>\n\t\t\t\t\t<\/div>\n\t\t<\/div>\n\t\t\t\t<div class=\"elementor-column elementor-col-50 elementor-inner-column elementor-element elementor-element-0a697de\" data-id=\"0a697de\" data-element_type=\"column\">\n\t\t\t<div class=\"elementor-widget-wrap elementor-element-populated\">\n\t\t\t\t\t\t\t\t<div class=\"elementor-element elementor-element-b4ca47e elementor-widget elementor-widget-text-editor\" data-id=\"b4ca47e\" data-element_type=\"widget\" data-widget_type=\"text-editor.default\">\n\t\t\t\t<div class=\"elementor-widget-container\">\n\t\t\t\t\t\t\t<p>Telefon: <a href=\"tel:+34 971 808 574\">+34 971 808 574<\/a><br \/>Mobil: <a href=\"tel:+34 656 91 24 95\">+34 689 766 122<\/a><br \/>Email: <a href=\"mailto: calador@mail.de\">calador@mail.de<\/a><\/p><p>UID Nr.: ES B07 075 914<br \/>Lizenz Nr.: Apartementos A-PM-1978, tercera categoria<\/p><p>Sitz des Unternehmens:<br \/>Carrer del Bisbe Abad i Lasierra 2<br \/>07800 Ibiza, Islas Baleares<\/p>\t\t\t\t\t\t<\/div>\n\t\t\t\t<\/div>\n\t\t\t\t\t<\/div>\n\t\t<\/div>\n\t\t\t\t\t\t\t<\/div>\n\t\t<\/section>\n\t\t\t\t<div class=\"elementor-element elementor-element-ea5505e elementor-widget elementor-widget-text-editor\" data-id=\"ea5505e\" data-element_type=\"widget\" data-widget_type=\"text-editor.default\">\n\t\t\t\t<div class=\"elementor-widget-container\">\n\t\t\t\t\t\t\t<p>Datenschutzbeauftragter: Fr. Taryn Pickett (Kontaktdaten wie oben).<\/p>\t\t\t\t\t\t<\/div>\n\t\t\t\t<\/div>\n\t\t\t\t<div class=\"elementor-element elementor-element-410393b elementor-widget elementor-widget-text-editor\" data-id=\"410393b\" data-element_type=\"widget\" data-widget_type=\"text-editor.default\">\n\t\t\t\t<div class=\"elementor-widget-container\">\n\t\t\t\t\t\t\t<p><a title=\"Lesen Sie bitte unsere Datenschutzerkl\u00e4rung\" href=\"https:\/\/dev2.webforu.hu\/calador\/wp-content\/uploads\/2022\/07\/Datenschutz-Grundverordnung.pdf\" target=\"_blank\" rel=\"noopener\">Datenschutz-Grundverordnung als Pdf<\/a><\/p>\t\t\t\t\t\t<\/div>\n\t\t\t\t<\/div>\n\t\t\t\t<div class=\"elementor-element elementor-element-e1679e7 elementor-widget elementor-widget-text-editor\" data-id=\"e1679e7\" data-element_type=\"widget\" data-widget_type=\"text-editor.default\">\n\t\t\t\t<div class=\"elementor-widget-container\">\n\t\t\t\t\t\t\tAlle hier ver\u00f6ffentlichte Informationen unterliegen dem Copyright der Landhotel Calador S.L., Ibiza, Spanien. Eine Reproduktion oder Wiedergabe des Ganzen oder von Teilen ist ohne die schriftliche Genehmigung der Landhotel Calador S.L. ausgeschlossen. Verantwortlich f\u00fcr den Inhalt dieser Home-Page ist Frau Mag. Claudia Schubert, Apartado de correos 570, Cala Carb\u00f3, E-07830 San Jos\u00e9, Ibiza-Baleares, Espa\u00f1a.<br>\nF\u00fcr die Inhalte von Links auf dieser Home-Page \u00fcbernehmen wir keinerlei Verantwortung und wir identifizieren uns in keiner Weise mit deren Inhalten.\t\t\t\t\t\t<\/div>\n\t\t\t\t<\/div>\n\t\t\t\t<div class=\"elementor-element elementor-element-17f5bb7 elementor-widget elementor-widget-text-editor\" data-id=\"17f5bb7\" data-element_type=\"widget\" data-widget_type=\"text-editor.default\">\n\t\t\t\t<div class=\"elementor-widget-container\">\n\t\t\t\t\t\t\tDie Webseite von Landhotel Calador S.L. sowie jegliche Rechtsbeziehung aus \u00dcbernachtungs- und sonstigen von ihr erbrachten Dienstleistungen unterliegt spanischem Recht. Damit sind f\u00fcr die L\u00f6sung jedweder Streitigkeit, die mit den Benutzern im Hinblick auf die Nutzungsbedingungen auftreten k\u00f6nnen sowie f\u00fcr jedwede sonstige Reklamation betreffs des Inhalts und der Dienstleistungen die Gerichte von Ibiza zust\u00e4ndig, wobei die Parteien ausdr\u00fccklich auf einen eigenen Gerichtsstand bzw. anzuwendendes Recht oder jedweden anderen, der ihnen zustehen k\u00f6nnte, verzichten.\t\t\t\t\t\t<\/div>\n\t\t\t\t<\/div>\n\t\t\t\t<div class=\"elementor-element elementor-element-9a516ad elementor-widget elementor-widget-text-editor\" data-id=\"9a516ad\" data-element_type=\"widget\" data-widget_type=\"text-editor.default\">\n\t\t\t\t<div class=\"elementor-widget-container\">\n\t\t\t\t\t\t\t*Im Sinne einer besseren Lesbarkeit der Texte wurde von uns entweder die m\u00e4nnliche oder weibliche Form von personenbezogenen Hauptw\u00f6rtern gew\u00e4hlt. Dies impliziert keinesfalls eine Benachteiligung des jeweils anderen Geschlechts.\nFrauen und M\u00e4nner m\u00f6gen sich von den Inhalten unserer Website gleicherma\u00dfen angesprochen f\u00fchlen\t\t\t\t\t\t<\/div>\n\t\t\t\t<\/div>\n\t\t\t\t\t<\/div>\n\t\t<\/div>\n\t\t\t\t\t\t\t<\/div>\n\t\t<\/section>\n\t\t\t\t\t\t\t<\/div>\n\t\t","protected":false},"excerpt":{"rendered":"<p>Impressum Information \u00a75 E- Commerce Gesetz Landhotel Calador S.L.Gesch\u00e4ftsf\u00fchrung: Fr. Taryn Pickett Address:C.\/ Cala Carbo S\/N07830 San Jos\u00e9\/Ibiza\/Islas Baleares, Espa\u00f1a Mailing address:Apartado de correos 57007830 San Jos\u00e9\/Ibiza\/Islas Baleares, Espa\u00f1a Telefon: +34 971 808 574Mobil: +34 689 766 122Email: calador@mail.de UID Nr.: ES B07 075 914Lizenz Nr.: Apartementos A-PM-1978, tercera categoria Sitz des Unternehmens:Carrer del Bisbe &hellip;<\/p>\n<p class=\"read-more\"> <a class=\"\" href=\"https:\/\/dev2.webforu.hu\/calador\/de\/impressum\/\"> <span class=\"screen-reader-text\">Impressum<\/span> Read More &raquo;<\/a><\/p>\n","protected":false},"author":1,"featured_media":0,"parent":0,"menu_order":0,"comment_status":"closed","ping_status":"closed","template":"","meta":{"site-sidebar-layout":"no-sidebar","site-content-layout":"page-builder","ast-global-header-display":"","ast-main-header-display":"","ast-hfb-above-header-display":"","ast-hfb-below-header-display":"","ast-hfb-mobile-header-display":"","site-post-title":"disabled","ast-breadcrumbs-content":"","ast-featured-img":"disabled","footer-sml-layout":"","theme-transparent-header-meta":"enabled","adv-header-id-meta":"","stick-header-meta":"default","header-above-stick-meta":"","header-main-stick-meta":"","header-below-stick-meta":"","footnotes":""},"class_list":["post-3167","page","type-page","status-publish","hentry"],"acf":[],"_links":{"self":[{"href":"https:\/\/dev2.webforu.hu\/calador\/wp-json\/wp\/v2\/pages\/3167","targetHints":{"allow":["GET"]}}],"collection":[{"href":"https:\/\/dev2.webforu.hu\/calador\/wp-json\/wp\/v2\/pages"}],"about":[{"href":"https:\/\/dev2.webforu.hu\/calador\/wp-json\/wp\/v2\/types\/page"}],"author":[{"embeddable":true,"href":"https:\/\/dev2.webforu.hu\/calador\/wp-json\/wp\/v2\/users\/1"}],"replies":[{"embeddable":true,"href":"https:\/\/dev2.webforu.hu\/calador\/wp-json\/wp\/v2\/comments?post=3167"}],"version-history":[{"count":6,"href":"https:\/\/dev2.webforu.hu\/calador\/wp-json\/wp\/v2\/pages\/3167\/revisions"}],"predecessor-version":[{"id":5290,"href":"https:\/\/dev2.webforu.hu\/calador\/wp-json\/wp\/v2\/pages\/3167\/revisions\/5290"}],"wp:attachment":[{"href":"https:\/\/dev2.webforu.hu\/calador\/wp-json\/wp\/v2\/media?parent=3167"}],"curies":[{"name":"wp","href":"https:\/\/api.w.org\/{rel}","templated":true}]}}