{"id":2080,"date":"2021-02-22T16:43:31","date_gmt":"2021-02-22T16:43:31","guid":{"rendered":"https:\/\/dev2.webforu.hu\/kapu\/?page_id=2080"},"modified":"2021-07-01T11:10:01","modified_gmt":"2021-07-01T09:10:01","slug":"blog","status":"publish","type":"page","link":"https:\/\/dev2.webforu.hu\/kapu\/blog\/","title":{"rendered":"Blog"},"content":{"rendered":"\t\t<div data-elementor-type=\"wp-page\" data-elementor-id=\"2080\" class=\"elementor elementor-2080\" data-elementor-settings=\"[]\">\n\t\t\t\t\t\t<div class=\"elementor-inner\">\n\t\t\t\t\t\t\t<div class=\"elementor-section-wrap\">\n\t\t\t\t\t\t\t<section class=\"elementor-section elementor-top-section elementor-element elementor-element-54bd3b90 elementor-section-boxed elementor-section-height-default elementor-section-height-default\" data-id=\"54bd3b90\" data-element_type=\"section\" data-settings=\"{&quot;background_background&quot;:&quot;classic&quot;}\">\n\t\t\t\t\t\t\t<div class=\"elementor-background-overlay\"><\/div>\n\t\t\t\t\t\t\t<div class=\"elementor-container elementor-column-gap-no\">\n\t\t\t\t\t\t\t<div class=\"elementor-row\">\n\t\t\t\t\t<div class=\"elementor-column elementor-col-100 elementor-top-column elementor-element elementor-element-79cb8943\" data-id=\"79cb8943\" data-element_type=\"column\">\n\t\t\t<div class=\"elementor-column-wrap elementor-element-populated\">\n\t\t\t\t\t\t\t<div class=\"elementor-widget-wrap\">\n\t\t\t\t\t\t<div class=\"elementor-element elementor-element-1476f610 animated-slow elementor-invisible elementor-widget elementor-widget-heading\" data-id=\"1476f610\" data-element_type=\"widget\" data-settings=\"{&quot;_animation&quot;:&quot;fadeInDown&quot;,&quot;_animation_delay&quot;:500}\" data-widget_type=\"heading.default\">\n\t\t\t\t<div class=\"elementor-widget-container\">\n\t\t\t<h6 class=\"elementor-heading-title elementor-size-default\">A Few Words About<\/h6>\t\t<\/div>\n\t\t\t\t<\/div>\n\t\t\t\t<div class=\"elementor-element elementor-element-766f2bea elementor-invisible elementor-widget elementor-widget-heading\" data-id=\"766f2bea\" data-element_type=\"widget\" data-settings=\"{&quot;_animation&quot;:&quot;zoomIn&quot;}\" data-widget_type=\"heading.default\">\n\t\t\t\t<div class=\"elementor-widget-container\">\n\t\t\t<h1 class=\"elementor-heading-title elementor-size-default\">Blog<\/h1>\t\t<\/div>\n\t\t\t\t<\/div>\n\t\t\t\t<div class=\"elementor-element elementor-element-48a81d79 animated-slow elementor-invisible elementor-widget elementor-widget-heading\" data-id=\"48a81d79\" data-element_type=\"widget\" data-settings=\"{&quot;_animation&quot;:&quot;fadeInUp&quot;,&quot;_animation_delay&quot;:300}\" data-widget_type=\"heading.default\">\n\t\t\t\t<div class=\"elementor-widget-container\">\n\t\t\t<h3 class=\"elementor-heading-title elementor-size-default\">Award Winning Interior Design Firm in New York<\/h3>\t\t<\/div>\n\t\t\t\t<\/div>\n\t\t\t\t<div class=\"elementor-element elementor-element-6403f31 animated-slow elementor-widget-divider--view-line elementor-invisible elementor-widget elementor-widget-divider\" data-id=\"6403f31\" data-element_type=\"widget\" data-settings=\"{&quot;_animation&quot;:&quot;fadeInDown&quot;,&quot;_animation_delay&quot;:200}\" data-widget_type=\"divider.default\">\n\t\t\t\t<div class=\"elementor-widget-container\">\n\t\t\t\t\t<div class=\"elementor-divider\">\n\t\t\t<span class=\"elementor-divider-separator\">\n\t\t\t\t\t\t<\/span>\n\t\t<\/div>\n\t\t\t\t<\/div>\n\t\t\t\t<\/div>\n\t\t\t\t\t\t<\/div>\n\t\t\t\t\t<\/div>\n\t\t<\/div>\n\t\t\t\t\t\t\t\t<\/div>\n\t\t\t\t\t<\/div>\n\t\t<\/section>\n\t\t\t\t<section class=\"elementor-section elementor-top-section elementor-element elementor-element-3d110b21 elementor-section-boxed elementor-section-height-default elementor-section-height-default\" data-id=\"3d110b21\" data-element_type=\"section\" data-settings=\"{&quot;background_background&quot;:&quot;classic&quot;}\">\n\t\t\t\t\t\t\t<div class=\"elementor-background-overlay\"><\/div>\n\t\t\t\t\t\t\t<div class=\"elementor-container elementor-column-gap-default\">\n\t\t\t\t\t\t\t<div class=\"elementor-row\">\n\t\t\t\t\t<div class=\"elementor-column elementor-col-100 elementor-top-column elementor-element elementor-element-17d0c4e3\" data-id=\"17d0c4e3\" data-element_type=\"column\">\n\t\t\t<div class=\"elementor-column-wrap elementor-element-populated\">\n\t\t\t\t\t\t\t<div class=\"elementor-widget-wrap\">\n\t\t\t\t\t\t<div class=\"elementor-element elementor-element-6107f378 elementor-absolute animated-slow elementor-invisible elementor-widget elementor-widget-heading\" data-id=\"6107f378\" data-element_type=\"widget\" data-settings=\"{&quot;_position&quot;:&quot;absolute&quot;,&quot;_animation&quot;:&quot;zoomIn&quot;,&quot;_animation_delay&quot;:800}\" data-widget_type=\"heading.default\">\n\t\t\t\t<div class=\"elementor-widget-container\">\n\t\t\t<h2 class=\"elementor-heading-title elementor-size-default\">Blog<\/h2>\t\t<\/div>\n\t\t\t\t<\/div>\n\t\t\t\t<div class=\"elementor-element elementor-element-31a45296 elementor-invisible elementor-widget elementor-widget-heading\" data-id=\"31a45296\" data-element_type=\"widget\" data-settings=\"{&quot;_animation&quot;:&quot;zoomIn&quot;,&quot;_animation_delay&quot;:400}\" data-widget_type=\"heading.default\">\n\t\t\t\t<div class=\"elementor-widget-container\">\n\t\t\t<h2 class=\"elementor-heading-title elementor-size-default\">Friss h\u00edrek, inform\u00e1ci\u00f3k<\/h2>\t\t<\/div>\n\t\t\t\t<\/div>\n\t\t\t\t<div class=\"elementor-element elementor-element-6bc0b7a3 animated-slow elementor-invisible elementor-widget elementor-widget-text-editor\" data-id=\"6bc0b7a3\" data-element_type=\"widget\" data-settings=\"{&quot;_animation&quot;:&quot;zoomIn&quot;,&quot;_animation_delay&quot;:500}\" data-widget_type=\"text-editor.default\">\n\t\t\t\t<div class=\"elementor-widget-container\">\n\t\t\t\t\t\t\t\t<div class=\"elementor-text-editor elementor-clearfix\">\n\t\t\t\t\t<p>Lorem ipsum dolor sit amet, consectetur adipiscing elit. Ut elit tellus, luctus nec ullamcorper mattis, pulvinar dapibus leo.<\/p>\t\t\t\t\t<\/div>\n\t\t\t\t\t\t<\/div>\n\t\t\t\t<\/div>\n\t\t\t\t<div class=\"elementor-element elementor-element-502f5104 animated-slow elementor-grid-3 elementor-grid-tablet-2 elementor-grid-mobile-1 elementor-posts--thumbnail-top elementor-card-shadow-yes elementor-posts__hover-gradient elementor-invisible elementor-widget elementor-widget-posts\" data-id=\"502f5104\" data-element_type=\"widget\" data-settings=\"{&quot;_animation&quot;:&quot;zoomIn&quot;,&quot;_animation_delay&quot;:200,&quot;cards_columns&quot;:&quot;3&quot;,&quot;cards_columns_tablet&quot;:&quot;2&quot;,&quot;cards_columns_mobile&quot;:&quot;1&quot;,&quot;cards_row_gap&quot;:{&quot;unit&quot;:&quot;px&quot;,&quot;size&quot;:35,&quot;sizes&quot;:[]}}\" data-widget_type=\"posts.cards\">\n\t\t\t\t<div class=\"elementor-widget-container\">\n\t\t\t\t\t<div class=\"elementor-posts-container elementor-posts elementor-posts--skin-cards elementor-grid\">\n\t\t\t\t<article class=\"elementor-post elementor-grid-item post-8649 post type-post status-publish format-standard has-post-thumbnail hentry category-garazskapu category-kertkapu\">\n\t\t\t<div class=\"elementor-post__card\">\n\t\t\t\t<a class=\"elementor-post__thumbnail__link\" href=\"https:\/\/dev2.webforu.hu\/kapu\/allashirdetes\/\" >\n\t\t\t<div class=\"elementor-post__thumbnail\"><img width=\"300\" height=\"200\" src=\"https:\/\/dev2.webforu.hu\/kapu\/wp-content\/uploads\/2021\/06\/kapu2-300x200.jpg\" class=\"attachment-medium size-medium\" alt=\"\" loading=\"lazy\" srcset=\"https:\/\/dev2.webforu.hu\/kapu\/wp-content\/uploads\/2021\/06\/kapu2-300x200.jpg 300w, https:\/\/dev2.webforu.hu\/kapu\/wp-content\/uploads\/2021\/06\/kapu2-1024x684.jpg 1024w, https:\/\/dev2.webforu.hu\/kapu\/wp-content\/uploads\/2021\/06\/kapu2-768x513.jpg 768w, https:\/\/dev2.webforu.hu\/kapu\/wp-content\/uploads\/2021\/06\/kapu2.jpg 1200w\" sizes=\"(max-width: 300px) 100vw, 300px\" \/><\/div>\n\t\t<\/a>\n\t\t\t\t<div class=\"elementor-post__text\">\n\t\t\t\t<h3 class=\"elementor-post__title\">\n\t\t\t<a href=\"https:\/\/dev2.webforu.hu\/kapu\/allashirdetes\/\" >\n\t\t\t\tAz elektromos kapu szerel\u00e9se a v\u00e9redben van? \u2013 T\u00e9ged keres\u00fcnk!\t\t\t<\/a>\n\t\t<\/h3>\n\t\t\t\t<div class=\"elementor-post__excerpt\">\n\t\t\t<p>Az elektromos kapu \u00e9s a kaputechnikai berendez\u00e9sek szerel\u00e9se vagy karbantart\u00e1sa izgalmas kih\u00edv\u00e1s a sz\u00e1modra? T\u00e9ged is el\u00e9gedetts\u00e9ggel t\u00f6lt el, miut\u00e1n egy beakadt gar\u00e1zskapu vagy egy<\/p>\n\t\t<\/div>\n\t\t\t\t\t<a class=\"elementor-post__read-more\" href=\"https:\/\/dev2.webforu.hu\/kapu\/allashirdetes\/\" >\n\t\t\t\tB\u00f3vebben\u00bb\t\t\t<\/a>\n\t\t\t\t<\/div>\n\t\t\t\t<div class=\"elementor-post__meta-data\">\n\t\t\t\t\t<span class=\"elementor-post-date\">\n\t\t\t2020. \u00e1prilis 20.\t\t<\/span>\n\t\t\t\t<\/div>\n\t\t\t\t\t<\/div>\n\t\t<\/article>\n\t\t\t\t<article class=\"elementor-post elementor-grid-item post-7352 post type-post status-publish format-standard has-post-thumbnail hentry category-parkologep\">\n\t\t\t<div class=\"elementor-post__card\">\n\t\t\t\t<a class=\"elementor-post__thumbnail__link\" href=\"https:\/\/dev2.webforu.hu\/kapu\/exkluziv-automatizalt-parkolorendszerek\/\" >\n\t\t\t<div class=\"elementor-post__thumbnail\"><img width=\"300\" height=\"200\" src=\"https:\/\/dev2.webforu.hu\/kapu\/wp-content\/uploads\/2020\/02\/parkolo-rendszerek-300x200.jpg\" class=\"attachment-medium size-medium\" alt=\"\" loading=\"lazy\" srcset=\"https:\/\/dev2.webforu.hu\/kapu\/wp-content\/uploads\/2020\/02\/parkolo-rendszerek-300x200.jpg 300w, https:\/\/dev2.webforu.hu\/kapu\/wp-content\/uploads\/2020\/02\/parkolo-rendszerek-768x512.jpg 768w, https:\/\/dev2.webforu.hu\/kapu\/wp-content\/uploads\/2020\/02\/parkolo-rendszerek.jpg 900w\" sizes=\"(max-width: 300px) 100vw, 300px\" \/><\/div>\n\t\t<\/a>\n\t\t\t\t<div class=\"elementor-post__text\">\n\t\t\t\t<h3 class=\"elementor-post__title\">\n\t\t\t<a href=\"https:\/\/dev2.webforu.hu\/kapu\/exkluziv-automatizalt-parkolorendszerek\/\" >\n\t\t\t\tExkluz\u00edv automatiz\u00e1lt parkol\u00f3rendszerek\t\t\t<\/a>\n\t\t<\/h3>\n\t\t\t\t<div class=\"elementor-post__excerpt\">\n\t\t\t<p>Az automatiz\u00e1lt parkol\u00f3rendszerek l\u00e9tjogosults\u00e1ga ma m\u00e1r megk\u00e9rd\u0151jelezhetetlen. A v\u00e1rosok \u00e9s az \u00e9p\u00fcletek azonban elt\u00e9r\u0151 param\u00e9terekkel, az ott \u00e9l\u0151, illetve dolgoz\u00f3 emberek pedig m\u00e1s-m\u00e1s ig\u00e9nyekkel rendelkeznek,<\/p>\n\t\t<\/div>\n\t\t\t\t\t<a class=\"elementor-post__read-more\" href=\"https:\/\/dev2.webforu.hu\/kapu\/exkluziv-automatizalt-parkolorendszerek\/\" >\n\t\t\t\tB\u00f3vebben\u00bb\t\t\t<\/a>\n\t\t\t\t<\/div>\n\t\t\t\t<div class=\"elementor-post__meta-data\">\n\t\t\t\t\t<span class=\"elementor-post-date\">\n\t\t\t2020. febru\u00e1r 3.\t\t<\/span>\n\t\t\t\t<\/div>\n\t\t\t\t\t<\/div>\n\t\t<\/article>\n\t\t\t\t<article class=\"elementor-post elementor-grid-item post-7345 post type-post status-publish format-standard has-post-thumbnail hentry category-parkologep\">\n\t\t\t<div class=\"elementor-post__card\">\n\t\t\t\t<a class=\"elementor-post__thumbnail__link\" href=\"https:\/\/dev2.webforu.hu\/kapu\/parkologep-a-haz-korul-avagy-egy-technologia-ami-nem-csak-az-autok-parkolasat-teszi-konnyebbe\/\" >\n\t\t\t<div class=\"elementor-post__thumbnail\"><img width=\"300\" height=\"169\" src=\"https:\/\/dev2.webforu.hu\/kapu\/wp-content\/uploads\/2021\/06\/Kapu-Centrum_09-300x169.jpg\" class=\"attachment-medium size-medium\" alt=\"\" loading=\"lazy\" srcset=\"https:\/\/dev2.webforu.hu\/kapu\/wp-content\/uploads\/2021\/06\/Kapu-Centrum_09-300x169.jpg 300w, https:\/\/dev2.webforu.hu\/kapu\/wp-content\/uploads\/2021\/06\/Kapu-Centrum_09-1024x577.jpg 1024w, https:\/\/dev2.webforu.hu\/kapu\/wp-content\/uploads\/2021\/06\/Kapu-Centrum_09-768x433.jpg 768w, https:\/\/dev2.webforu.hu\/kapu\/wp-content\/uploads\/2021\/06\/Kapu-Centrum_09.jpg 1200w\" sizes=\"(max-width: 300px) 100vw, 300px\" \/><\/div>\n\t\t<\/a>\n\t\t\t\t<div class=\"elementor-post__text\">\n\t\t\t\t<h3 class=\"elementor-post__title\">\n\t\t\t<a href=\"https:\/\/dev2.webforu.hu\/kapu\/parkologep-a-haz-korul-avagy-egy-technologia-ami-nem-csak-az-autok-parkolasat-teszi-konnyebbe\/\" >\n\t\t\t\tParkol\u00f3g\u00e9p a h\u00e1z k\u00f6r\u00fcl, avagy egy technol\u00f3gia, ami nem csak az aut\u00f3k parkol\u00e1s\u00e1t teszi k\u00f6nnyebb\u00e9\t\t\t<\/a>\n\t\t<\/h3>\n\t\t\t\t<div class=\"elementor-post__excerpt\">\n\t\t\t<p>A korszer\u0171 parkol\u00f3g\u00e9peknek k\u00f6sz\u00f6nhet\u0151en a parkol\u00f3helyek maxim\u00e1lis kihaszn\u00e1lts\u00e1ga mellett a bolyg\u00f3nkon hagyott \u00f6kol\u00f3giai l\u00e1bnyomokat is jelent\u0151sen cs\u00f6kkenthetj\u00fck, nem besz\u00e9lve az extra k\u00e9nyelemr\u0151l, amit egy-egy ilyen<\/p>\n\t\t<\/div>\n\t\t\t\t\t<a class=\"elementor-post__read-more\" href=\"https:\/\/dev2.webforu.hu\/kapu\/parkologep-a-haz-korul-avagy-egy-technologia-ami-nem-csak-az-autok-parkolasat-teszi-konnyebbe\/\" >\n\t\t\t\tB\u00f3vebben\u00bb\t\t\t<\/a>\n\t\t\t\t<\/div>\n\t\t\t\t<div class=\"elementor-post__meta-data\">\n\t\t\t\t\t<span class=\"elementor-post-date\">\n\t\t\t2020. febru\u00e1r 3.\t\t<\/span>\n\t\t\t\t<\/div>\n\t\t\t\t\t<\/div>\n\t\t<\/article>\n\t\t\t\t<article class=\"elementor-post elementor-grid-item post-7268 post type-post status-publish format-standard has-post-thumbnail hentry category-parkologep\">\n\t\t\t<div class=\"elementor-post__card\">\n\t\t\t\t<a class=\"elementor-post__thumbnail__link\" href=\"https:\/\/dev2.webforu.hu\/kapu\/az-automatizalt-parkolorendszer-vitathatatlan-elonyei\/\" >\n\t\t\t<div class=\"elementor-post__thumbnail\"><img width=\"300\" height=\"169\" src=\"https:\/\/dev2.webforu.hu\/kapu\/wp-content\/uploads\/2020\/01\/automata-300x169.jpg\" class=\"attachment-medium size-medium\" alt=\"\" loading=\"lazy\" srcset=\"https:\/\/dev2.webforu.hu\/kapu\/wp-content\/uploads\/2020\/01\/automata-300x169.jpg 300w, https:\/\/dev2.webforu.hu\/kapu\/wp-content\/uploads\/2020\/01\/automata-1024x578.jpg 1024w, https:\/\/dev2.webforu.hu\/kapu\/wp-content\/uploads\/2020\/01\/automata-768x433.jpg 768w, https:\/\/dev2.webforu.hu\/kapu\/wp-content\/uploads\/2020\/01\/automata.jpg 1200w\" sizes=\"(max-width: 300px) 100vw, 300px\" \/><\/div>\n\t\t<\/a>\n\t\t\t\t<div class=\"elementor-post__text\">\n\t\t\t\t<h3 class=\"elementor-post__title\">\n\t\t\t<a href=\"https:\/\/dev2.webforu.hu\/kapu\/az-automatizalt-parkolorendszer-vitathatatlan-elonyei\/\" >\n\t\t\t\tAz automatiz\u00e1lt parkol\u00f3rendszer vitathatatlan el\u0151nyei\t\t\t<\/a>\n\t\t<\/h3>\n\t\t\t\t<div class=\"elementor-post__excerpt\">\n\t\t\t<p>Az automatiz\u00e1lt parkol\u00f3rendszer f\u00e9lig vagy teljes eg\u00e9sz\u00e9ben mechanikus, azaz g\u00e9p \u00e1ltal vez\u00e9relt. L\u00e9tezik t\u00e1lc\u00e1s vagy k\u00f6zvetlen\u00fcl az aut\u00f3t mozgat\u00f3 kivitel is. K\u00f6z\u00f6s jellemz\u0151j\u00fck, hogy f\u00fcgg\u0151legesen,<\/p>\n\t\t<\/div>\n\t\t\t\t\t<a class=\"elementor-post__read-more\" href=\"https:\/\/dev2.webforu.hu\/kapu\/az-automatizalt-parkolorendszer-vitathatatlan-elonyei\/\" >\n\t\t\t\tB\u00f3vebben\u00bb\t\t\t<\/a>\n\t\t\t\t<\/div>\n\t\t\t\t<div class=\"elementor-post__meta-data\">\n\t\t\t\t\t<span class=\"elementor-post-date\">\n\t\t\t2020. janu\u00e1r 31.\t\t<\/span>\n\t\t\t\t<\/div>\n\t\t\t\t\t<\/div>\n\t\t<\/article>\n\t\t\t\t<article class=\"elementor-post elementor-grid-item post-7244 post type-post status-publish format-standard has-post-thumbnail hentry category-parkologep\">\n\t\t\t<div class=\"elementor-post__card\">\n\t\t\t\t<a class=\"elementor-post__thumbnail__link\" href=\"https:\/\/dev2.webforu.hu\/kapu\/a-jovonk-mulik-rajta-a-smart-azaz-okos-parkolas\/\" >\n\t\t\t<div class=\"elementor-post__thumbnail\"><img width=\"300\" height=\"169\" src=\"https:\/\/dev2.webforu.hu\/kapu\/wp-content\/uploads\/2020\/01\/woehr-crossparker558-autoparksystem-carparkingsystem-7cfb0ac5-300x169.jpg\" class=\"attachment-medium size-medium\" alt=\"\" loading=\"lazy\" srcset=\"https:\/\/dev2.webforu.hu\/kapu\/wp-content\/uploads\/2020\/01\/woehr-crossparker558-autoparksystem-carparkingsystem-7cfb0ac5-300x169.jpg 300w, https:\/\/dev2.webforu.hu\/kapu\/wp-content\/uploads\/2020\/01\/woehr-crossparker558-autoparksystem-carparkingsystem-7cfb0ac5-1024x576.jpg 1024w, https:\/\/dev2.webforu.hu\/kapu\/wp-content\/uploads\/2020\/01\/woehr-crossparker558-autoparksystem-carparkingsystem-7cfb0ac5-768x432.jpg 768w, https:\/\/dev2.webforu.hu\/kapu\/wp-content\/uploads\/2020\/01\/woehr-crossparker558-autoparksystem-carparkingsystem-7cfb0ac5.jpg 1200w\" sizes=\"(max-width: 300px) 100vw, 300px\" \/><\/div>\n\t\t<\/a>\n\t\t\t\t<div class=\"elementor-post__text\">\n\t\t\t\t<h3 class=\"elementor-post__title\">\n\t\t\t<a href=\"https:\/\/dev2.webforu.hu\/kapu\/a-jovonk-mulik-rajta-a-smart-azaz-okos-parkolas\/\" >\n\t\t\t\tA j\u00f6v\u0151nk m\u00falik rajta: a \u201eSMART\u201d, azaz okos parkol\u00e1s\t\t\t<\/a>\n\t\t<\/h3>\n\t\t\t\t<div class=\"elementor-post__excerpt\">\n\t\t\t<p>Szerte a vil\u00e1gon, \u00edgy a hazai nagyv\u00e1rosokban is egyre komolyabb gondot okoz a parkol\u00e1s, mind az aut\u00f3sok, mind pedig az adott k\u00f6rny\u00e9ken \u00e9l\u0151k sz\u00e1m\u00e1ra.* Nem<\/p>\n\t\t<\/div>\n\t\t\t\t\t<a class=\"elementor-post__read-more\" href=\"https:\/\/dev2.webforu.hu\/kapu\/a-jovonk-mulik-rajta-a-smart-azaz-okos-parkolas\/\" >\n\t\t\t\tB\u00f3vebben\u00bb\t\t\t<\/a>\n\t\t\t\t<\/div>\n\t\t\t\t<div class=\"elementor-post__meta-data\">\n\t\t\t\t\t<span class=\"elementor-post-date\">\n\t\t\t2020. janu\u00e1r 30.\t\t<\/span>\n\t\t\t\t<\/div>\n\t\t\t\t\t<\/div>\n\t\t<\/article>\n\t\t\t\t<article class=\"elementor-post elementor-grid-item post-7156 post type-post status-publish format-standard has-post-thumbnail hentry category-parkologep\">\n\t\t\t<div class=\"elementor-post__card\">\n\t\t\t\t<a class=\"elementor-post__thumbnail__link\" href=\"https:\/\/dev2.webforu.hu\/kapu\/parkoljon-egyszeruen-es-kenyelmesen-elaruljuk-a-titkat\/\" >\n\t\t\t<div class=\"elementor-post__thumbnail\"><img width=\"300\" height=\"169\" src=\"https:\/\/dev2.webforu.hu\/kapu\/wp-content\/uploads\/2020\/01\/woehr-parklift421-autoparksystem-carparkingsystem-300x169.jpg\" class=\"attachment-medium size-medium\" alt=\"\" loading=\"lazy\" srcset=\"https:\/\/dev2.webforu.hu\/kapu\/wp-content\/uploads\/2020\/01\/woehr-parklift421-autoparksystem-carparkingsystem-300x169.jpg 300w, https:\/\/dev2.webforu.hu\/kapu\/wp-content\/uploads\/2020\/01\/woehr-parklift421-autoparksystem-carparkingsystem-1024x576.jpg 1024w, https:\/\/dev2.webforu.hu\/kapu\/wp-content\/uploads\/2020\/01\/woehr-parklift421-autoparksystem-carparkingsystem-768x432.jpg 768w, https:\/\/dev2.webforu.hu\/kapu\/wp-content\/uploads\/2020\/01\/woehr-parklift421-autoparksystem-carparkingsystem.jpg 1200w\" sizes=\"(max-width: 300px) 100vw, 300px\" \/><\/div>\n\t\t<\/a>\n\t\t\t\t<div class=\"elementor-post__text\">\n\t\t\t\t<h3 class=\"elementor-post__title\">\n\t\t\t<a href=\"https:\/\/dev2.webforu.hu\/kapu\/parkoljon-egyszeruen-es-kenyelmesen-elaruljuk-a-titkat\/\" >\n\t\t\t\tParkoljon egyszer\u0171en \u00e9s k\u00e9nyelmesen \u2013 el\u00e1ruljuk a titk\u00e1t!\t\t\t<\/a>\n\t\t<\/h3>\n\t\t\t\t<div class=\"elementor-post__excerpt\">\n\t\t\t<p>\u00d6nnel is gyakran el\u0151fordul, hogy mivel t\u00f6bb kocsi is van a csal\u00e1dj\u00e1ban, szeretett aut\u00f3j\u00e1nak gyakran az utc\u00e1n kell parkolnia, mert nem \u00e1ll rendelkez\u00e9sre megfelel\u0151 mennyis\u00e9g\u0171<\/p>\n\t\t<\/div>\n\t\t\t\t\t<a class=\"elementor-post__read-more\" href=\"https:\/\/dev2.webforu.hu\/kapu\/parkoljon-egyszeruen-es-kenyelmesen-elaruljuk-a-titkat\/\" >\n\t\t\t\tB\u00f3vebben\u00bb\t\t\t<\/a>\n\t\t\t\t<\/div>\n\t\t\t\t<div class=\"elementor-post__meta-data\">\n\t\t\t\t\t<span class=\"elementor-post-date\">\n\t\t\t2020. janu\u00e1r 27.\t\t<\/span>\n\t\t\t\t<\/div>\n\t\t\t\t\t<\/div>\n\t\t<\/article>\n\t\t\t\t<\/div>\n\t\t\t\t<nav class=\"elementor-pagination\" role=\"navigation\" aria-label=\"Lapsz\u00e1moz\u00e1s\">\n\t\t\t<span class=\"page-numbers prev\">&laquo; El\u0151z\u0151<\/span>\n<span aria-current=\"page\" class=\"page-numbers current\"><span class=\"elementor-screen-only\">Oldal<\/span>1<\/span>\n<a class=\"page-numbers\" href=\"https:\/\/dev2.webforu.hu\/kapu\/wp-json\/wp\/v2\/pages\/2080\/page\/2\/\"><span class=\"elementor-screen-only\">Oldal<\/span>2<\/a>\n<a class=\"page-numbers next\" href=\"https:\/\/dev2.webforu.hu\/kapu\/wp-json\/wp\/v2\/pages\/2080\/page\/2\/\">K\u00f6vetkez\u0151 &raquo;<\/a>\t\t<\/nav>\n\t\t\t\t<\/div>\n\t\t\t\t<\/div>\n\t\t\t\t\t\t<\/div>\n\t\t\t\t\t<\/div>\n\t\t<\/div>\n\t\t\t\t\t\t\t\t<\/div>\n\t\t\t\t\t<\/div>\n\t\t<\/section>\n\t\t\t\t\t\t<\/div>\n\t\t\t\t\t\t<\/div>\n\t\t\t\t\t<\/div>\n\t\t","protected":false},"excerpt":{"rendered":"<p>A Few Words About Blog Award Winning Interior Design Firm in New York Blog Friss h\u00edrek, inform\u00e1ci\u00f3k Lorem ipsum dolor sit amet, consectetur adipiscing elit. Ut elit tellus, luctus nec ullamcorper mattis, pulvinar dapibus leo.<\/p>\n","protected":false},"author":1,"featured_media":0,"parent":0,"menu_order":0,"comment_status":"closed","ping_status":"closed","template":"","meta":[],"yoast_head":"<!-- This site is optimized with the Yoast SEO plugin v18.4.1 - https:\/\/yoast.com\/wordpress\/plugins\/seo\/ -->\n<title>Blog - Kapucentrum Kft<\/title>\n<meta name=\"robots\" content=\"index, follow, max-snippet:-1, max-image-preview:large, max-video-preview:-1\" \/>\n<link rel=\"canonical\" href=\"https:\/\/dev2.webforu.hu\/kapu\/blog\/\" \/>\n<meta property=\"og:locale\" content=\"hu_HU\" \/>\n<meta property=\"og:type\" content=\"article\" \/>\n<meta property=\"og:title\" content=\"Blog - Kapucentrum Kft\" \/>\n<meta property=\"og:description\" content=\"A Few Words About Blog Award Winning Interior Design Firm in New York Blog Friss h\u00edrek, inform\u00e1ci\u00f3k Lorem ipsum dolor sit amet, consectetur adipiscing elit. Ut elit tellus, luctus nec ullamcorper mattis, pulvinar dapibus leo.\" \/>\n<meta property=\"og:url\" content=\"https:\/\/dev2.webforu.hu\/kapu\/blog\/\" \/>\n<meta property=\"og:site_name\" content=\"Kapucentrum Kft\" \/>\n<meta property=\"article:modified_time\" content=\"2021-07-01T09:10:01+00:00\" \/>\n<meta name=\"twitter:card\" content=\"summary_large_image\" \/>\n<meta name=\"twitter:label1\" content=\"Becs\u00fclt olvas\u00e1si id\u0151\" \/>\n\t<meta name=\"twitter:data1\" content=\"2 perc\" \/>\n<script type=\"application\/ld+json\" class=\"yoast-schema-graph\">{\"@context\":\"https:\/\/schema.org\",\"@graph\":[{\"@type\":\"WebSite\",\"@id\":\"https:\/\/dev2.webforu.hu\/kapu\/#website\",\"url\":\"https:\/\/dev2.webforu.hu\/kapu\/\",\"name\":\"Kapucentrum Kft\",\"description\":\"Kapu- \u00e9s parkol\u00e1stechnika fels\u0151fokon\",\"potentialAction\":[{\"@type\":\"SearchAction\",\"target\":{\"@type\":\"EntryPoint\",\"urlTemplate\":\"https:\/\/dev2.webforu.hu\/kapu\/?s={search_term_string}\"},\"query-input\":\"required name=search_term_string\"}],\"inLanguage\":\"hu\"},{\"@type\":\"WebPage\",\"@id\":\"https:\/\/dev2.webforu.hu\/kapu\/blog\/#webpage\",\"url\":\"https:\/\/dev2.webforu.hu\/kapu\/blog\/\",\"name\":\"Blog - Kapucentrum Kft\",\"isPartOf\":{\"@id\":\"https:\/\/dev2.webforu.hu\/kapu\/#website\"},\"datePublished\":\"2021-02-22T16:43:31+00:00\",\"dateModified\":\"2021-07-01T09:10:01+00:00\",\"breadcrumb\":{\"@id\":\"https:\/\/dev2.webforu.hu\/kapu\/blog\/#breadcrumb\"},\"inLanguage\":\"hu\",\"potentialAction\":[{\"@type\":\"ReadAction\",\"target\":[\"https:\/\/dev2.webforu.hu\/kapu\/blog\/\"]}]},{\"@type\":\"BreadcrumbList\",\"@id\":\"https:\/\/dev2.webforu.hu\/kapu\/blog\/#breadcrumb\",\"itemListElement\":[{\"@type\":\"ListItem\",\"position\":1,\"name\":\"Kezd\u0151lap\",\"item\":\"https:\/\/dev2.webforu.hu\/kapu\/\"},{\"@type\":\"ListItem\",\"position\":2,\"name\":\"Blog\"}]}]}<\/script>\n<!-- \/ Yoast SEO plugin. -->","yoast_head_json":{"title":"Blog - Kapucentrum Kft","robots":{"index":"index","follow":"follow","max-snippet":"max-snippet:-1","max-image-preview":"max-image-preview:large","max-video-preview":"max-video-preview:-1"},"canonical":"https:\/\/dev2.webforu.hu\/kapu\/blog\/","og_locale":"hu_HU","og_type":"article","og_title":"Blog - Kapucentrum Kft","og_description":"A Few Words About Blog Award Winning Interior Design Firm in New York Blog Friss h\u00edrek, inform\u00e1ci\u00f3k Lorem ipsum dolor sit amet, consectetur adipiscing elit. Ut elit tellus, luctus nec ullamcorper mattis, pulvinar dapibus leo.","og_url":"https:\/\/dev2.webforu.hu\/kapu\/blog\/","og_site_name":"Kapucentrum Kft","article_modified_time":"2021-07-01T09:10:01+00:00","twitter_card":"summary_large_image","twitter_misc":{"Becs\u00fclt olvas\u00e1si id\u0151":"2 perc"},"schema":{"@context":"https:\/\/schema.org","@graph":[{"@type":"WebSite","@id":"https:\/\/dev2.webforu.hu\/kapu\/#website","url":"https:\/\/dev2.webforu.hu\/kapu\/","name":"Kapucentrum Kft","description":"Kapu- \u00e9s parkol\u00e1stechnika fels\u0151fokon","potentialAction":[{"@type":"SearchAction","target":{"@type":"EntryPoint","urlTemplate":"https:\/\/dev2.webforu.hu\/kapu\/?s={search_term_string}"},"query-input":"required name=search_term_string"}],"inLanguage":"hu"},{"@type":"WebPage","@id":"https:\/\/dev2.webforu.hu\/kapu\/blog\/#webpage","url":"https:\/\/dev2.webforu.hu\/kapu\/blog\/","name":"Blog - Kapucentrum Kft","isPartOf":{"@id":"https:\/\/dev2.webforu.hu\/kapu\/#website"},"datePublished":"2021-02-22T16:43:31+00:00","dateModified":"2021-07-01T09:10:01+00:00","breadcrumb":{"@id":"https:\/\/dev2.webforu.hu\/kapu\/blog\/#breadcrumb"},"inLanguage":"hu","potentialAction":[{"@type":"ReadAction","target":["https:\/\/dev2.webforu.hu\/kapu\/blog\/"]}]},{"@type":"BreadcrumbList","@id":"https:\/\/dev2.webforu.hu\/kapu\/blog\/#breadcrumb","itemListElement":[{"@type":"ListItem","position":1,"name":"Kezd\u0151lap","item":"https:\/\/dev2.webforu.hu\/kapu\/"},{"@type":"ListItem","position":2,"name":"Blog"}]}]}},"_links":{"self":[{"href":"https:\/\/dev2.webforu.hu\/kapu\/wp-json\/wp\/v2\/pages\/2080"}],"collection":[{"href":"https:\/\/dev2.webforu.hu\/kapu\/wp-json\/wp\/v2\/pages"}],"about":[{"href":"https:\/\/dev2.webforu.hu\/kapu\/wp-json\/wp\/v2\/types\/page"}],"author":[{"embeddable":true,"href":"https:\/\/dev2.webforu.hu\/kapu\/wp-json\/wp\/v2\/users\/1"}],"replies":[{"embeddable":true,"href":"https:\/\/dev2.webforu.hu\/kapu\/wp-json\/wp\/v2\/comments?post=2080"}],"version-history":[{"count":42,"href":"https:\/\/dev2.webforu.hu\/kapu\/wp-json\/wp\/v2\/pages\/2080\/revisions"}],"predecessor-version":[{"id":8978,"href":"https:\/\/dev2.webforu.hu\/kapu\/wp-json\/wp\/v2\/pages\/2080\/revisions\/8978"}],"wp:attachment":[{"href":"https:\/\/dev2.webforu.hu\/kapu\/wp-json\/wp\/v2\/media?parent=2080"}],"curies":[{"name":"wp","href":"https:\/\/api.w.org\/{rel}","templated":true}]}}