{"id":1761,"date":"2021-09-06T09:41:16","date_gmt":"2021-09-06T09:41:16","guid":{"rendered":"https:\/\/dev2.webforu.hu\/wow\/?page_id=1761"},"modified":"2023-06-26T22:19:06","modified_gmt":"2023-06-26T20:19:06","slug":"gallery","status":"publish","type":"page","link":"https:\/\/dev2.webforu.hu\/wow\/gallery\/","title":{"rendered":"Gallery"},"content":{"rendered":"\t\t<div data-elementor-type=\"wp-page\" data-elementor-id=\"1761\" class=\"elementor elementor-1761\">\n\t\t\t\t\t\t\t\t\t<section class=\"has_ma_el_bg_slider elementor-section elementor-top-section elementor-element elementor-element-5bcc438 elementor-section-height-full elementor-hidden-tablet elementor-hidden-mobile elementor-section-boxed elementor-section-height-default elementor-section-items-middle jltma-glass-effect-no\" data-id=\"5bcc438\" data-element_type=\"section\" data-settings=\"{&quot;background_background&quot;:&quot;classic&quot;}\">\n\t\t\t\t\t\t\t<div class=\"elementor-background-overlay\"><\/div>\n\t\t\t\t\t\t\t<div class=\"elementor-container elementor-column-gap-default\">\n\t\t\t\t\t<div class=\"has_ma_el_bg_slider elementor-column elementor-col-100 elementor-top-column elementor-element elementor-element-02dc393 jltma-glass-effect-no\" data-id=\"02dc393\" data-element_type=\"column\">\n\t\t\t<div class=\"elementor-widget-wrap elementor-element-populated\">\n\t\t\t\t\t\t\t\t<div class=\"elementor-element elementor-element-6a995e6 jltma-glass-effect-no elementor-widget elementor-widget-tp-page-scroll\" data-id=\"6a995e6\" data-element_type=\"widget\" data-widget_type=\"tp-page-scroll.default\">\n\t\t\t\t<div class=\"elementor-widget-container\">\n\t\t\t<div id=\"ps69f3c6da7db18\" class=\"tp-page-scroll-wrapper ps69f3c6da7db18 tp_multi_scroll tp_tablet_off tp_mobile_off\" data-id=\"ps69f3c6da7db18\" data-option=\"tp_multi_scroll\"  data-show_paginate=\"on\" data-paginate_style=\"fadeIn\" data-paginate_position=\"ps6a995e6 bottom-left\" data-show_footer=\"no\" data-multi-scroll-opt='{\"anchors\":[\"gallery_main\",\"by_category\"]}'>\t\t\t\t<div class=\"theplus-multiscroll-wrap\" data-settings='{\"multi_id\":\"6a995e6\",\"dots\":false,\"dotsTooltips\":[\"\"],\"dotsPosition\":null,\"dotsVertical\":null,\"loopTop\":false,\"loopBottom\":false,\"disable_tablet\":\"yes\",\"disable_mobile\":\"yes\",\"keyboardScrolling\":false,\"scrollingSpeed\":700,\"leftSide\":60,\"rightSide\":40}'>\t\t\t\r\n\t\t\t\t\t<div class=\"theplus-multiscroll-inner\" id=\"theplus-multiscroll-6a995e6\">\r\n\t\t\t\t\t\t<div class=\"theplus-multiscroll-left-6a995e6\">\r\n\t\t\t\t\t\t\t\t\t\t\t\t\t\t<div class=\"theplus-multiscroll-temp theplus-multiscroll-left-temp theplus-multiscroll-temp-6a995e6\">\r\n\t\t\t\t\t\t\t\t\t\t<div data-elementor-type=\"page\" data-elementor-id=\"1934\" class=\"elementor elementor-1934\">\n\t\t\t\t\t\t\t\t\t<section class=\"has_ma_el_bg_slider elementor-section elementor-top-section elementor-element elementor-element-22f31ad elementor-section-height-full elementor-section-boxed elementor-section-height-default elementor-section-items-middle jltma-glass-effect-no\" data-id=\"22f31ad\" data-element_type=\"section\">\n\t\t\t\t\t\t<div class=\"elementor-container elementor-column-gap-default\">\n\t\t\t\t\t<div class=\"has_ma_el_bg_slider elementor-column elementor-col-100 elementor-top-column elementor-element elementor-element-0a5b308 jltma-glass-effect-no\" data-id=\"0a5b308\" data-element_type=\"column\">\n\t\t\t<div class=\"elementor-widget-wrap elementor-element-populated\">\n\t\t\t\t\t\t\t\t<div class=\"elementor-element elementor-element-2c11485 animated-slow jltma-glass-effect-no elementor-invisible elementor-widget elementor-widget-heading\" data-id=\"2c11485\" data-element_type=\"widget\" data-settings=\"{&quot;_animation&quot;:&quot;zoomIn&quot;}\" data-widget_type=\"heading.default\">\n\t\t\t\t<div class=\"elementor-widget-container\">\n\t\t\t<h1 class=\"elementor-heading-title elementor-size-default\">Gal\u00e9ria<\/h1>\t\t<\/div>\n\t\t\t\t<\/div>\n\t\t\t\t<div class=\"elementor-element elementor-element-ccdf8ae jltma-glass-effect-no elementor-invisible elementor-widget elementor-widget-heading\" data-id=\"ccdf8ae\" data-element_type=\"widget\" data-settings=\"{&quot;_animation&quot;:&quot;fadeInLeft&quot;,&quot;_animation_delay&quot;:1500}\" data-widget_type=\"heading.default\">\n\t\t\t\t<div class=\"elementor-widget-container\">\n\t\t\t<h2 class=\"elementor-heading-title elementor-size-default\">Lorem ipsum dolor sit amet<\/h2>\t\t<\/div>\n\t\t\t\t<\/div>\n\t\t\t\t\t<\/div>\n\t\t<\/div>\n\t\t\t\t\t\t\t<\/div>\n\t\t<\/section>\n\t\t\t\t\t\t\t<\/div>\n\t\t\t\t\t\t\t\t\t<\/div>\r\n\t\t\t\t\t\t\t\t\t\t\t\t\t\t<div class=\"theplus-multiscroll-temp theplus-multiscroll-left-temp theplus-multiscroll-temp-6a995e6\">\r\n\t\t\t\t\t\t\t\t\t\t<div data-elementor-type=\"section\" data-elementor-id=\"1826\" class=\"elementor elementor-1826\">\n\t\t\t\t\t\t\t\t<section class=\"has_ma_el_bg_slider elementor-section elementor-top-section elementor-element elementor-element-10f931b elementor-section-content-middle elementor-section-boxed elementor-section-height-default elementor-section-height-default jltma-glass-effect-no\" data-id=\"10f931b\" data-element_type=\"section\">\n\t\t\t\t\t\t<div class=\"elementor-container elementor-column-gap-wide\">\n\t\t\t\t\t<div class=\"has_ma_el_bg_slider elementor-column elementor-col-100 elementor-top-column elementor-element elementor-element-77a98ace jltma-glass-effect-no\" data-id=\"77a98ace\" data-element_type=\"column\">\n\t\t\t<div class=\"elementor-widget-wrap elementor-element-populated\">\n\t\t\t\t\t\t\t\t<div class=\"elementor-element elementor-element-d1e74a3 jltma-glass-effect-no elementor-widget elementor-widget-heading\" data-id=\"d1e74a3\" data-element_type=\"widget\" data-widget_type=\"heading.default\">\n\t\t\t\t<div class=\"elementor-widget-container\">\n\t\t\t<h2 class=\"elementor-heading-title elementor-size-default\">Lorem ipsum dolor sit amet<\/h2>\t\t<\/div>\n\t\t\t\t<\/div>\n\t\t\t\t<div class=\"elementor-element elementor-element-a7f7d21 jltma-glass-effect-no elementor-widget elementor-widget-jet-woo-categories\" data-id=\"a7f7d21\" data-element_type=\"widget\" data-settings=\"{&quot;columns_mobile&quot;:&quot;2&quot;,&quot;columns&quot;:4,&quot;columns_tablet&quot;:2}\" data-widget_type=\"jet-woo-categories.default\">\n\t\t\t\t<div class=\"elementor-widget-container\">\n\t\t\t<div class=\"elementor-jet-woo-categories jet-woo-builder\"><div class=\"jet-woo-categories jet-woo-categories--preset-1 col-row  \" data-mobile-hover=\"\">\n<div class=\"jet-woo-categories__item \">\n\t<div class=\"jet-woo-categories__inner-box\"  >\n\t\t\n<div class=\"jet-woo-categories-thumbnail__wrap\">\n\t\n<div class=\"jet-woo-category-thumbnail\">\n\t<a href=\"https:\/\/dev2.webforu.hu\/wow\/termekkategoria\/shop\/eredeti-muvek\/\"  rel=\"bookmark\">\n\t\t<img width=\"300\" height=\"300\" src=\"https:\/\/dev2.webforu.hu\/wow\/wp-content\/uploads\/2021\/09\/LarrySept_3_Eagles-300x300.jpg\" class=\"attachment-woocommerce_thumbnail size-woocommerce_thumbnail\" alt=\"\" decoding=\"async\" loading=\"lazy\" srcset=\"https:\/\/dev2.webforu.hu\/wow\/wp-content\/uploads\/2021\/09\/LarrySept_3_Eagles-300x300.jpg 300w, https:\/\/dev2.webforu.hu\/wow\/wp-content\/uploads\/2021\/09\/LarrySept_3_Eagles-150x150.jpg 150w, https:\/\/dev2.webforu.hu\/wow\/wp-content\/uploads\/2021\/09\/LarrySept_3_Eagles-700x700.jpg 700w, https:\/\/dev2.webforu.hu\/wow\/wp-content\/uploads\/2021\/09\/LarrySept_3_Eagles-100x100.jpg 100w\" sizes=\"(max-width: 300px) 100vw, 300px\" \/>\t<\/a>\n\t<div class=\"jet-woo-category-img-overlay\"><\/div>\n\t<div class=\"jet-woo-category-img-overlay__hover\"><\/div>\n<\/div>\n\t<div class=\"jet-woo-category-count__wrap\">\n\t\t\t<\/div>\n<\/div>\n\n<div class=\"jet-woo-categories-content\">\n\t<h5 class=\"jet-woo-category-title\" ><a href=\"https:\/\/dev2.webforu.hu\/wow\/termekkategoria\/shop\/eredeti-muvek\/\" class=\"jet-woo-category-title__link\" >Eredeti m\u0171vek<\/a><\/h5><\/div>\t<\/div>\n\n\t<\/div>\n<div class=\"jet-woo-categories__item \">\n\t<div class=\"jet-woo-categories__inner-box\"  >\n\t\t\n<div class=\"jet-woo-categories-thumbnail__wrap\">\n\t\n<div class=\"jet-woo-category-thumbnail\">\n\t<a href=\"https:\/\/dev2.webforu.hu\/wow\/termekkategoria\/shop\/falikepek\/\"  rel=\"bookmark\">\n\t\t<img width=\"300\" height=\"300\" src=\"https:\/\/dev2.webforu.hu\/wow\/wp-content\/uploads\/2021\/09\/Tu\u0308nde_image3-300x300.jpg\" class=\"attachment-woocommerce_thumbnail size-woocommerce_thumbnail\" alt=\"\" decoding=\"async\" loading=\"lazy\" srcset=\"https:\/\/dev2.webforu.hu\/wow\/wp-content\/uploads\/2021\/09\/Tu\u0308nde_image3-300x300.jpg 300w, https:\/\/dev2.webforu.hu\/wow\/wp-content\/uploads\/2021\/09\/Tu\u0308nde_image3-150x150.jpg 150w, https:\/\/dev2.webforu.hu\/wow\/wp-content\/uploads\/2021\/09\/Tu\u0308nde_image3-700x700.jpg 700w, https:\/\/dev2.webforu.hu\/wow\/wp-content\/uploads\/2021\/09\/Tu\u0308nde_image3-100x100.jpg 100w\" sizes=\"(max-width: 300px) 100vw, 300px\" \/>\t<\/a>\n\t<div class=\"jet-woo-category-img-overlay\"><\/div>\n\t<div class=\"jet-woo-category-img-overlay__hover\"><\/div>\n<\/div>\n\t<div class=\"jet-woo-category-count__wrap\">\n\t\t\t<\/div>\n<\/div>\n\n<div class=\"jet-woo-categories-content\">\n\t<h5 class=\"jet-woo-category-title\" ><a href=\"https:\/\/dev2.webforu.hu\/wow\/termekkategoria\/shop\/falikepek\/\" class=\"jet-woo-category-title__link\" >Falik\u00e9pek<\/a><\/h5><\/div>\t<\/div>\n\n\t<\/div>\n<div class=\"jet-woo-categories__item \">\n\t<div class=\"jet-woo-categories__inner-box\"  >\n\t\t\n<div class=\"jet-woo-categories-thumbnail__wrap\">\n\t\n<div class=\"jet-woo-category-thumbnail\">\n\t<a href=\"https:\/\/dev2.webforu.hu\/wow\/termekkategoria\/shop\/gyerekeknek\/\"  rel=\"bookmark\">\n\t\t<img decoding=\"async\" src=\"https:\/\/dev2.webforu.hu\/wow\/wp-content\/plugins\/master-addons\/assets\/images\/placeholder.png\" alt=\"\">\t<\/a>\n\t<div class=\"jet-woo-category-img-overlay\"><\/div>\n\t<div class=\"jet-woo-category-img-overlay__hover\"><\/div>\n<\/div>\n\t<div class=\"jet-woo-category-count__wrap\">\n\t\t\t<\/div>\n<\/div>\n\n<div class=\"jet-woo-categories-content\">\n\t<h5 class=\"jet-woo-category-title\" ><a href=\"https:\/\/dev2.webforu.hu\/wow\/termekkategoria\/shop\/gyerekeknek\/\" class=\"jet-woo-category-title__link\" >Gyerekeknek<\/a><\/h5><\/div>\t<\/div>\n\n\t<\/div>\n<div class=\"jet-woo-categories__item \">\n\t<div class=\"jet-woo-categories__inner-box\"  >\n\t\t\n<div class=\"jet-woo-categories-thumbnail__wrap\">\n\t\n<div class=\"jet-woo-category-thumbnail\">\n\t<a href=\"https:\/\/dev2.webforu.hu\/wow\/termekkategoria\/shop\/hasznalati-targyak\/\"  rel=\"bookmark\">\n\t\t<img decoding=\"async\" src=\"https:\/\/dev2.webforu.hu\/wow\/wp-content\/plugins\/master-addons\/assets\/images\/placeholder.png\" alt=\"\">\t<\/a>\n\t<div class=\"jet-woo-category-img-overlay\"><\/div>\n\t<div class=\"jet-woo-category-img-overlay__hover\"><\/div>\n<\/div>\n\t<div class=\"jet-woo-category-count__wrap\">\n\t\t\t<\/div>\n<\/div>\n\n<div class=\"jet-woo-categories-content\">\n\t<h5 class=\"jet-woo-category-title\" ><a href=\"https:\/\/dev2.webforu.hu\/wow\/termekkategoria\/shop\/hasznalati-targyak\/\" class=\"jet-woo-category-title__link\" >Haszn\u00e1lati t\u00e1rgyak<\/a><\/h5><\/div>\t<\/div>\n\n\t<\/div><\/div>\n<\/div>\t\t<\/div>\n\t\t\t\t<\/div>\n\t\t\t\t<div class=\"elementor-element elementor-element-0f5c318 elementor-hidden-desktop elementor-hidden-tablet elementor-hidden-mobile jltma-glass-effect-no elementor-widget elementor-widget-jet-woo-categories\" data-id=\"0f5c318\" data-element_type=\"widget\" data-settings=\"{&quot;columns&quot;:4,&quot;columns_tablet&quot;:2,&quot;columns_mobile&quot;:1}\" data-widget_type=\"jet-woo-categories.default\">\n\t\t\t\t<div class=\"elementor-widget-container\">\n\t\t\t<div class=\"elementor-jet-woo-categories jet-woo-builder\"><h3 class=\"jet-woo-categories__not-found\">Categories not found<\/h3><\/div>\t\t<\/div>\n\t\t\t\t<\/div>\n\t\t\t\t<div class=\"elementor-element elementor-element-cf05458 jltma-glass-effect-no elementor-widget elementor-widget-text-editor\" data-id=\"cf05458\" data-element_type=\"widget\" data-widget_type=\"text-editor.default\">\n\t\t\t\t<div class=\"elementor-widget-container\">\n\t\t\t\t\t\t\t<p>Lorem ipsum dolor sit amet, consectetur adipiscing elit. Ut elit tellus, luctus nec ullamcorper mattis, pulvinar dapibus leo.<\/p>\t\t\t\t\t\t<\/div>\n\t\t\t\t<\/div>\n\t\t\t\t\t<\/div>\n\t\t<\/div>\n\t\t\t\t\t\t\t<\/div>\n\t\t<\/section>\n\t\t\t\t\t\t<\/div>\n\t\t\t\t\t\t\t\t\t<\/div>\r\n\t\t\t\t\t\t\t\t\t\t\t\t\t<\/div>\r\n\t\t\t\t\t\t<div class=\"theplus-multiscroll-right-6a995e6\">\r\n\t\t\t\t\t\t\t\t\t\t\t\t\t\t<div class=\"theplus-multiscroll-temp theplus-multiscroll-right-temp theplus-multiscroll-temp-6a995e6\">\r\n\t\t\t\t\t\t\t\t\t\t<div data-elementor-type=\"page\" data-elementor-id=\"1933\" class=\"elementor elementor-1933\">\n\t\t\t\t\t\t\t\t\t<section class=\"has_ma_el_bg_slider elementor-section elementor-top-section elementor-element elementor-element-22f31ad elementor-section-height-full elementor-section-boxed elementor-section-height-default elementor-section-items-middle jltma-glass-effect-no\" data-id=\"22f31ad\" data-element_type=\"section\">\n\t\t\t\t\t\t<div class=\"elementor-container elementor-column-gap-default\">\n\t\t\t\t\t<div class=\"has_ma_el_bg_slider elementor-column elementor-col-100 elementor-top-column elementor-element elementor-element-0a5b308 jltma-glass-effect-no\" data-id=\"0a5b308\" data-element_type=\"column\">\n\t\t\t<div class=\"elementor-widget-wrap elementor-element-populated\">\n\t\t\t\t\t\t\t\t<div class=\"elementor-element elementor-element-3df1c3a animated-slow jltma-glass-effect-no elementor-invisible elementor-widget elementor-widget-heading\" data-id=\"3df1c3a\" data-element_type=\"widget\" data-settings=\"{&quot;_animation&quot;:&quot;zoomIn&quot;,&quot;_animation_delay&quot;:1000}\" data-widget_type=\"heading.default\">\n\t\t\t\t<div class=\"elementor-widget-container\">\n\t\t\t<h2 class=\"elementor-heading-title elementor-size-default\">Wow Art<br>\nkateg\u00f3ri\u00e1k szerint<\/h2>\t\t<\/div>\n\t\t\t\t<\/div>\n\t\t\t\t<div class=\"elementor-element elementor-element-64e74a6 animated-slow jltma-glass-effect-no elementor-invisible elementor-widget elementor-widget-heading\" data-id=\"64e74a6\" data-element_type=\"widget\" data-settings=\"{&quot;_animation&quot;:&quot;fadeInRight&quot;,&quot;_animation_delay&quot;:1300}\" data-widget_type=\"heading.default\">\n\t\t\t\t<div class=\"elementor-widget-container\">\n\t\t\t<h2 class=\"elementor-heading-title elementor-size-default\">liber vocent et eam nam posse<\/h2>\t\t<\/div>\n\t\t\t\t<\/div>\n\t\t\t\t\t<\/div>\n\t\t<\/div>\n\t\t\t\t\t\t\t<\/div>\n\t\t<\/section>\n\t\t\t\t\t\t\t<\/div>\n\t\t\t\t\t\t\t\t\t<\/div>\r\n\t\t\t\t\t\t\t\t\t\t\t\t\t\t<div class=\"theplus-multiscroll-temp theplus-multiscroll-right-temp theplus-multiscroll-temp-6a995e6\">\r\n\t\t\t\t\t\t\t\t\t\t<div data-elementor-type=\"page\" data-elementor-id=\"1943\" class=\"elementor elementor-1943\">\n\t\t\t\t\t\t\t\t\t<section class=\"has_ma_el_bg_slider elementor-section elementor-top-section elementor-element elementor-element-2eeb5174 elementor-section-full_width elementor-section-content-middle elementor-section-height-default elementor-section-height-default jltma-glass-effect-no\" data-id=\"2eeb5174\" data-element_type=\"section\">\n\t\t\t\t\t\t<div class=\"elementor-container elementor-column-gap-wide\">\n\t\t\t\t\t<div class=\"has_ma_el_bg_slider elementor-column elementor-col-100 elementor-top-column elementor-element elementor-element-25797c98 jltma-glass-effect-no\" data-id=\"25797c98\" data-element_type=\"column\">\n\t\t\t<div class=\"elementor-widget-wrap elementor-element-populated\">\n\t\t\t\t\t\t\t\t<div class=\"elementor-element elementor-element-17111796 animated-slow jltma-glass-effect-no elementor-widget elementor-widget-heading\" data-id=\"17111796\" data-element_type=\"widget\" data-settings=\"{&quot;_animation&quot;:&quot;none&quot;}\" data-widget_type=\"heading.default\">\n\t\t\t\t<div class=\"elementor-widget-container\">\n\t\t\t<h1 class=\"elementor-heading-title elementor-size-default\">V\u00e1lassz<br>kateg\u00f3ri\u00e1t<\/h1>\t\t<\/div>\n\t\t\t\t<\/div>\n\t\t\t\t\t<\/div>\n\t\t<\/div>\n\t\t\t\t\t\t\t<\/div>\n\t\t<\/section>\n\t\t\t\t\t\t\t<\/div>\n\t\t\t\t\t\t\t\t\t<\/div>\r\n\t\t\t\t\t\t\t\t\t\t\t\t\r\n\t\t\t\t\t\t<\/div>\r\n\t\t\t\t\t<\/div>\r\n\t\t\t\t<\/div>\r\n\t\t\t<\/div>\t\t<\/div>\n\t\t\t\t<\/div>\n\t\t\t\t\t<\/div>\n\t\t<\/div>\n\t\t\t\t\t\t\t<\/div>\n\t\t<\/section>\n\t\t\t\t<section class=\"has_ma_el_bg_slider elementor-section elementor-top-section elementor-element elementor-element-8f87f0a elementor-section-full_width elementor-section-content-middle elementor-hidden-desktop elementor-section-height-default elementor-section-height-default jltma-glass-effect-no\" data-id=\"8f87f0a\" data-element_type=\"section\">\n\t\t\t\t\t\t<div class=\"elementor-container elementor-column-gap-default\">\n\t\t\t\t\t<div class=\"has_ma_el_bg_slider elementor-column elementor-col-100 elementor-top-column elementor-element elementor-element-6dfc586e jltma-glass-effect-no\" data-id=\"6dfc586e\" data-element_type=\"column\">\n\t\t\t<div class=\"elementor-widget-wrap elementor-element-populated\">\n\t\t\t\t\t\t\t\t<div class=\"elementor-element elementor-element-5edc13c3 animated-slow jltma-glass-effect-no elementor-invisible elementor-widget elementor-widget-heading\" data-id=\"5edc13c3\" data-element_type=\"widget\" data-settings=\"{&quot;_animation&quot;:&quot;zoomIn&quot;}\" data-widget_type=\"heading.default\">\n\t\t\t\t<div class=\"elementor-widget-container\">\n\t\t\t<h1 class=\"elementor-heading-title elementor-size-default\">Gal\u00e9ria<\/h1>\t\t<\/div>\n\t\t\t\t<\/div>\n\t\t\t\t<div class=\"elementor-element elementor-element-a866d6c animated-slow jltma-glass-effect-no elementor-invisible elementor-widget elementor-widget-heading\" data-id=\"a866d6c\" data-element_type=\"widget\" data-settings=\"{&quot;_animation&quot;:&quot;zoomIn&quot;,&quot;_animation_delay&quot;:500}\" data-widget_type=\"heading.default\">\n\t\t\t\t<div class=\"elementor-widget-container\">\n\t\t\t<h2 class=\"elementor-heading-title elementor-size-default\">Wow Art kat\u00e1g\u00f3ri\u00e1k szerint<\/h2>\t\t<\/div>\n\t\t\t\t<\/div>\n\t\t\t\t<div class=\"elementor-element elementor-element-39875c52 animated-slow jltma-glass-effect-no elementor-invisible elementor-widget elementor-widget-heading\" data-id=\"39875c52\" data-element_type=\"widget\" data-settings=\"{&quot;_animation&quot;:&quot;fadeInRight&quot;,&quot;_animation_delay&quot;:1300,&quot;_animation_mobile&quot;:&quot;fadeInUp&quot;}\" data-widget_type=\"heading.default\">\n\t\t\t\t<div class=\"elementor-widget-container\">\n\t\t\t<h2 class=\"elementor-heading-title elementor-size-default\">liber vocent et eam nam posse Lorem ipsum dolor sit amet<\/h2>\t\t<\/div>\n\t\t\t\t<\/div>\n\t\t\t\t<section class=\"has_ma_el_bg_slider elementor-section elementor-inner-section elementor-element elementor-element-74a59d1 elementor-section-full_width elementor-section-height-default elementor-section-height-default jltma-glass-effect-no\" data-id=\"74a59d1\" data-element_type=\"section\">\n\t\t\t\t\t\t<div class=\"elementor-container elementor-column-gap-default\">\n\t\t\t\t\t<div class=\"has_ma_el_bg_slider elementor-column elementor-col-100 elementor-inner-column elementor-element elementor-element-a32c91e jltma-glass-effect-no\" data-id=\"a32c91e\" data-element_type=\"column\">\n\t\t\t<div class=\"elementor-widget-wrap elementor-element-populated\">\n\t\t\t\t\t\t\t\t<div class=\"elementor-element elementor-element-727df256 animated-slow jltma-glass-effect-no elementor-invisible elementor-widget elementor-widget-heading\" data-id=\"727df256\" data-element_type=\"widget\" data-settings=\"{&quot;_animation&quot;:&quot;fadeInDown&quot;,&quot;_animation_mobile&quot;:&quot;zoomIn&quot;}\" data-widget_type=\"heading.default\">\n\t\t\t\t<div class=\"elementor-widget-container\">\n\t\t\t<h1 class=\"elementor-heading-title elementor-size-default\">Gal\u00e9ria - kateg\u00f3ri\u00e1k<\/h1>\t\t<\/div>\n\t\t\t\t<\/div>\n\t\t\t\t\t<\/div>\n\t\t<\/div>\n\t\t\t\t\t\t\t<\/div>\n\t\t<\/section>\n\t\t\t\t<div class=\"elementor-element elementor-element-651b6ee jltma-glass-effect-no elementor-widget elementor-widget-jet-woo-categories\" data-id=\"651b6ee\" data-element_type=\"widget\" id=\"img-cat\" data-settings=\"{&quot;columns_mobile&quot;:&quot;2&quot;,&quot;columns&quot;:4,&quot;columns_tablet&quot;:2}\" data-widget_type=\"jet-woo-categories.default\">\n\t\t\t\t<div class=\"elementor-widget-container\">\n\t\t\t<div class=\"elementor-jet-woo-categories jet-woo-builder\"><h3 class=\"jet-woo-categories__not-found\">Categories not found<\/h3><\/div>\t\t<\/div>\n\t\t\t\t<\/div>\n\t\t\t\t\t<\/div>\n\t\t<\/div>\n\t\t\t\t\t\t\t<\/div>\n\t\t<\/section>\n\t\t\t\t\t\t\t<\/div>\n\t\t","protected":false},"excerpt":{"rendered":"<p>Gal\u00e9ria Lorem ipsum dolor sit amet Lorem ipsum dolor sit amet Eredeti m\u0171vek Falik\u00e9pek Gyerekeknek Haszn\u00e1lati t\u00e1rgyak Categories not found Lorem ipsum dolor sit amet, consectetur adipiscing elit. Ut elit tellus, luctus nec ullamcorper mattis, pulvinar dapibus leo. Wow Art kateg\u00f3ri\u00e1k szerint liber vocent et eam nam posse V\u00e1lasszkateg\u00f3ri\u00e1t Gal\u00e9ria Wow Art kat\u00e1g\u00f3ri\u00e1k szerint liber &hellip;<\/p>\n<p class=\"read-more\"> <a class=\"\" href=\"https:\/\/dev2.webforu.hu\/wow\/gallery\/\"> <span class=\"screen-reader-text\">Gallery<\/span> Read More &raquo;<\/a><\/p>\n","protected":false},"author":1,"featured_media":0,"parent":0,"menu_order":0,"comment_status":"closed","ping_status":"closed","template":"","meta":{"site-sidebar-layout":"no-sidebar","site-content-layout":"page-builder","ast-global-header-display":"","ast-banner-title-visibility":"","ast-main-header-display":"","ast-hfb-above-header-display":"","ast-hfb-below-header-display":"","ast-hfb-mobile-header-display":"","site-post-title":"disabled","ast-breadcrumbs-content":"disabled","ast-featured-img":"disabled","footer-sml-layout":"","theme-transparent-header-meta":"enabled","adv-header-id-meta":"","stick-header-meta":"","header-above-stick-meta":"","header-main-stick-meta":"","header-below-stick-meta":""},"lang":"hu","translations":{"hu":1761,"en":2528},"pll_sync_post":[],"_links":{"self":[{"href":"https:\/\/dev2.webforu.hu\/wow\/wp-json\/wp\/v2\/pages\/1761"}],"collection":[{"href":"https:\/\/dev2.webforu.hu\/wow\/wp-json\/wp\/v2\/pages"}],"about":[{"href":"https:\/\/dev2.webforu.hu\/wow\/wp-json\/wp\/v2\/types\/page"}],"author":[{"embeddable":true,"href":"https:\/\/dev2.webforu.hu\/wow\/wp-json\/wp\/v2\/users\/1"}],"replies":[{"embeddable":true,"href":"https:\/\/dev2.webforu.hu\/wow\/wp-json\/wp\/v2\/comments?post=1761"}],"version-history":[{"count":13,"href":"https:\/\/dev2.webforu.hu\/wow\/wp-json\/wp\/v2\/pages\/1761\/revisions"}],"predecessor-version":[{"id":7011,"href":"https:\/\/dev2.webforu.hu\/wow\/wp-json\/wp\/v2\/pages\/1761\/revisions\/7011"}],"wp:attachment":[{"href":"https:\/\/dev2.webforu.hu\/wow\/wp-json\/wp\/v2\/media?parent=1761"}],"curies":[{"name":"wp","href":"https:\/\/api.w.org\/{rel}","templated":true}]}}