{"id":3002,"date":"2021-11-16T20:19:15","date_gmt":"2021-11-16T19:19:15","guid":{"rendered":"https:\/\/dev2.webforu.hu\/wow\/login\/"},"modified":"2021-11-22T15:28:43","modified_gmt":"2021-11-22T14:28:43","slug":"login","status":"publish","type":"page","link":"https:\/\/dev2.webforu.hu\/wow\/login\/","title":{"rendered":"Login"},"content":{"rendered":"\t\t<div data-elementor-type=\"wp-page\" data-elementor-id=\"3002\" class=\"elementor elementor-3002\">\n\t\t\t\t\t\t\t\t\t<section class=\"has_ma_el_bg_slider elementor-section elementor-top-section elementor-element elementor-element-766320d1 elementor-section-height-full elementor-section-content-middle elementor-section-boxed elementor-section-height-default elementor-section-items-middle jltma-glass-effect-no\" data-id=\"766320d1\" data-element_type=\"section\" data-settings=\"{&quot;background_background&quot;:&quot;classic&quot;}\">\n\t\t\t\t\t\t\t<div class=\"elementor-background-overlay\"><\/div>\n\t\t\t\t\t\t\t<div class=\"elementor-container elementor-column-gap-default\">\n\t\t\t\t\t<div class=\"has_ma_el_bg_slider elementor-column elementor-col-100 elementor-top-column elementor-element elementor-element-48b571fa jltma-glass-effect-no\" data-id=\"48b571fa\" data-element_type=\"column\" data-settings=\"{&quot;background_background&quot;:&quot;classic&quot;}\">\n\t\t\t<div class=\"elementor-widget-wrap elementor-element-populated\">\n\t\t\t\t\t\t\t\t<section class=\"has_ma_el_bg_slider elementor-section elementor-inner-section elementor-element elementor-element-105cde95 elementor-section-boxed elementor-section-height-default elementor-section-height-default jltma-glass-effect-no\" data-id=\"105cde95\" data-element_type=\"section\">\n\t\t\t\t\t\t<div class=\"elementor-container elementor-column-gap-default\">\n\t\t\t\t\t<div class=\"has_ma_el_bg_slider elementor-column elementor-col-50 elementor-inner-column elementor-element elementor-element-35992a34 jltma-glass-effect-no\" data-id=\"35992a34\" data-element_type=\"column\">\n\t\t\t<div class=\"elementor-widget-wrap elementor-element-populated\">\n\t\t\t\t\t\t\t\t<div class=\"elementor-element elementor-element-40ca7f8a jltma-glass-effect-no elementor-widget elementor-widget-heading\" data-id=\"40ca7f8a\" data-element_type=\"widget\" data-widget_type=\"heading.default\">\n\t\t\t\t<div class=\"elementor-widget-container\">\n\t\t\t<h2 class=\"elementor-heading-title elementor-size-default\">M\u0171v\u00e9szbej\u00e1r\u00f3<\/h2>\t\t<\/div>\n\t\t\t\t<\/div>\n\t\t\t\t<div class=\"elementor-element elementor-element-7787ef56 jltma-glass-effect-no elementor-widget elementor-widget-shortcode\" data-id=\"7787ef56\" data-element_type=\"widget\" id=\"artist_login\" data-widget_type=\"shortcode.default\">\n\t\t\t\t<div class=\"elementor-widget-container\">\n\t\t\t\t\t<div class=\"elementor-shortcode\">\n<div class=\"um um-login um-3025\">\n\n\t<div class=\"um-form\">\n\n\t\t<form method=\"post\" action=\"\" autocomplete=\"off\">\n\n\t\t\t<div class=\"um-row _um_row_1 user_form\" style=\"padding: 0px 0px 0px 0px;margin: 0px 0px 30px 0px;border-width: 0px 0px 0px 0px;border-style: solid;border-radius: 0px;\"><div class=\"um-col-1\"><div  id=\"um_field_3025_username\" class=\"um-field um-field-text  um-field-username um-field-text um-field-type_text\" data-key=\"username\"><div class=\"um-field-label\"><label for=\"username-3025\">M\u0171v\u00e9szn\u00e9v vagy e-mail c\u00edm<\/label><div class=\"um-clear\"><\/div><\/div><div class=\"um-field-area\"><input  autocomplete=\"off\" class=\"um-form-field valid \" type=\"text\" name=\"username-3025\" id=\"username-3025\" value=\"\" placeholder=\"\" data-validate=\"unique_username_or_email\" data-key=\"username\" \/>\n\n\t\t\t\t\t\t<\/div><\/div><div  id=\"um_field_3025_user_password\" class=\"um-field um-field-password  um-field-user_password um-field-password um-field-type_password\" data-key=\"user_password\"><div class=\"um-field-label\"><label for=\"user_password-3025\">Jelsz\u00f3<\/label><div class=\"um-clear\"><\/div><\/div><div class=\"um-field-area\"><input class=\"um-form-field valid \" type=\"password\" name=\"user_password-3025\" id=\"user_password-3025\" value=\"\" placeholder=\"\" data-validate=\"\" data-key=\"user_password\" \/>\n\n\t\t\t\t\t\t<\/div><\/div><\/div><\/div>\t\t<input type=\"hidden\" name=\"form_id\" id=\"form_id_3025\" value=\"3025\" \/>\n\t\n\t<p class=\"um_request_name\">\n\t\t<label for=\"um_request_3025\">Only fill in if you are not human<\/label>\n\t\t<input type=\"hidden\" name=\"um_request\" id=\"um_request_3025\" class=\"input\" value=\"\" size=\"25\" autocomplete=\"off\" \/>\n\t<\/p>\n\n\t<input type=\"hidden\" id=\"_wpnonce\" name=\"_wpnonce\" value=\"32215b6914\" \/><input type=\"hidden\" name=\"_wp_http_referer\" value=\"\/wow\/wp-json\/wp\/v2\/pages\/3002\" \/>\n\t<div class=\"um-col-alt\">\n\n\t\t\n\n\t\t\t<div class=\"um-field um-field-c\">\n\t\t\t\t<div class=\"um-field-area\">\n\t\t\t\t\t<label class=\"um-field-checkbox\">\n\t\t\t\t\t\t<input type=\"checkbox\" name=\"rememberme\" value=\"1\"  \/>\n\t\t\t\t\t\t<span class=\"um-field-checkbox-state\"><i class=\"um-icon-android-checkbox-outline-blank\"><\/i><\/span>\n\t\t\t\t\t\t<span class=\"um-field-checkbox-option\"> Maradjak bejelentkezve<\/span>\n\t\t\t\t\t<\/label>\n\t\t\t\t<\/div>\n\t\t\t<\/div>\n\n\t\t\t\t\t\t<div class=\"um-clear\"><\/div>\n\t\t\n\t\t\t<div class=\"um-center\">\n\t\t\t\t<input type=\"submit\" value=\"Bel\u00e9p\u00e9s\" class=\"um-button\" id=\"um-submit-btn\" \/>\n\t\t\t<\/div>\n\n\t\t\n\t\t<div class=\"um-clear\"><\/div>\n\n\t<\/div>\n\n\t\n\t\t<\/form>\n\n\t<\/div>\n\n<\/div>\n<style>\n\t\t\t.um-3025.um {\n\t\t\tmax-width: 450px;\n\t\t}\n\t\t<\/style>\n<\/div>\n\t\t\t\t<\/div>\n\t\t\t\t<\/div>\n\t\t\t\t<div data-jltma-wrapper-link=\"{&quot;url&quot;:&quot;https:\\\/\\\/dev2.webforu.hu\\\/wow\\\/jelszo-visszaallitas\\\/&quot;,&quot;is_external&quot;:&quot;&quot;,&quot;nofollow&quot;:&quot;&quot;,&quot;custom_attributes&quot;:&quot;&quot;}\" style=\"cursor: pointer\" class=\"elementor-element elementor-element-25cc402e jltma-glass-effect-no elementor-widget elementor-widget-text-editor\" data-id=\"25cc402e\" data-element_type=\"widget\" id=\"custglogin\" data-widget_type=\"text-editor.default\">\n\t\t\t\t<div class=\"elementor-widget-container\">\n\t\t\t\t\t\t\t<p>Elfelejtetted a jelszavad?<\/p>\t\t\t\t\t\t<\/div>\n\t\t\t\t<\/div>\n\t\t\t\t\t<\/div>\n\t\t<\/div>\n\t\t\t\t<div class=\"has_ma_el_bg_slider elementor-column elementor-col-50 elementor-inner-column elementor-element elementor-element-e23c9ff jltma-glass-effect-no\" data-id=\"e23c9ff\" data-element_type=\"column\">\n\t\t\t<div class=\"elementor-widget-wrap elementor-element-populated\">\n\t\t\t\t\t\t\t\t<div class=\"elementor-element elementor-element-572610b1 jltma-glass-effect-no elementor-widget elementor-widget-heading\" data-id=\"572610b1\" data-element_type=\"widget\" data-widget_type=\"heading.default\">\n\t\t\t\t<div class=\"elementor-widget-container\">\n\t\t\t<h2 class=\"elementor-heading-title elementor-size-default\">Nem vagy m\u00e9g tag? Regisztr\u00e1lj!<\/h2>\t\t<\/div>\n\t\t\t\t<\/div>\n\t\t\t\t<div class=\"elementor-element elementor-element-2304b008 jltma-glass-effect-no elementor-widget elementor-widget-shortcode\" data-id=\"2304b008\" data-element_type=\"widget\" data-widget_type=\"shortcode.default\">\n\t\t\t\t<div class=\"elementor-widget-container\">\n\t\t\t\t\t<div class=\"elementor-shortcode\">\n<div class=\"um um-login um-2998\">\n\n\t<div class=\"um-form\">\n\n\t\t<form method=\"post\" action=\"\" autocomplete=\"off\">\n\n\t\t\t<div class=\"um-row _um_row_1 user_form\" style=\"padding: 0px 0px 0px 0px;margin: 0px 0px 30px 0px;border-width: 0px 0px 0px 0px;border-style: solid;border-radius: 0px;\"><div class=\"um-col-1\"><div  id=\"um_field_2998_username\" class=\"um-field um-field-text  um-field-username um-field-text um-field-type_text\" data-key=\"username\"><div class=\"um-field-label\"><label for=\"username-2998\">E-mail address or alias<\/label><div class=\"um-clear\"><\/div><\/div><div class=\"um-field-area\"><input  autocomplete=\"off\" class=\"um-form-field valid \" type=\"text\" name=\"username-2998\" id=\"username-2998\" value=\"\" placeholder=\"\" data-validate=\"unique_username_or_email\" data-key=\"username\" \/>\n\n\t\t\t\t\t\t<\/div><\/div><div  id=\"um_field_2998_user_password\" class=\"um-field um-field-password  um-field-user_password um-field-password um-field-type_password\" data-key=\"user_password\"><div class=\"um-field-label\"><label for=\"user_password-2998\">Jelsz\u00f3<\/label><div class=\"um-clear\"><\/div><\/div><div class=\"um-field-area\"><input class=\"um-form-field valid \" type=\"password\" name=\"user_password-2998\" id=\"user_password-2998\" value=\"\" placeholder=\"\" data-validate=\"\" data-key=\"user_password\" \/>\n\n\t\t\t\t\t\t<\/div><\/div><\/div><\/div>\t\t<input type=\"hidden\" name=\"form_id\" id=\"form_id_2998\" value=\"2998\" \/>\n\t\n\t<p class=\"um_request_name\">\n\t\t<label for=\"um_request_2998\">Only fill in if you are not human<\/label>\n\t\t<input type=\"hidden\" name=\"um_request\" id=\"um_request_2998\" class=\"input\" value=\"\" size=\"25\" autocomplete=\"off\" \/>\n\t<\/p>\n\n\t<input type=\"hidden\" id=\"_wpnonce\" name=\"_wpnonce\" value=\"32215b6914\" \/><input type=\"hidden\" name=\"_wp_http_referer\" value=\"\/wow\/wp-json\/wp\/v2\/pages\/3002\" \/>\n\t<div class=\"um-col-alt\">\n\n\t\t\n\n\t\t\t<div class=\"um-field um-field-c\">\n\t\t\t\t<div class=\"um-field-area\">\n\t\t\t\t\t<label class=\"um-field-checkbox\">\n\t\t\t\t\t\t<input type=\"checkbox\" name=\"rememberme\" value=\"1\"  \/>\n\t\t\t\t\t\t<span class=\"um-field-checkbox-state\"><i class=\"um-icon-android-checkbox-outline-blank\"><\/i><\/span>\n\t\t\t\t\t\t<span class=\"um-field-checkbox-option\"> Maradjak bejelentkezve<\/span>\n\t\t\t\t\t<\/label>\n\t\t\t\t<\/div>\n\t\t\t<\/div>\n\n\t\t\t\t\t\t<div class=\"um-clear\"><\/div>\n\t\t\n\t\t\t<div class=\"um-center\">\n\t\t\t\t<input type=\"submit\" value=\"Login\" class=\"um-button\" id=\"um-submit-btn\" \/>\n\t\t\t<\/div>\n\n\t\t\n\t\t<div class=\"um-clear\"><\/div>\n\n\t<\/div>\n\n\t\n\t\t<\/form>\n\n\t<\/div>\n\n<\/div>\n<\/div>\n\t\t\t\t<\/div>\n\t\t\t\t<\/div>\n\t\t\t\t\t<\/div>\n\t\t<\/div>\n\t\t\t\t\t\t\t<\/div>\n\t\t<\/section>\n\t\t\t\t\t<\/div>\n\t\t<\/div>\n\t\t\t\t\t\t\t<\/div>\n\t\t<\/section>\n\t\t\t\t\t\t\t<\/div>\n\t\t","protected":false},"excerpt":{"rendered":"<p>M\u0171v\u00e9szbej\u00e1r\u00f3 Elfelejtetted a jelszavad? Nem vagy m\u00e9g tag? Regisztr\u00e1lj!<\/p>\n","protected":false},"author":2,"featured_media":0,"parent":0,"menu_order":0,"comment_status":"closed","ping_status":"closed","template":"","meta":{"site-sidebar-layout":"no-sidebar","site-content-layout":"default","ast-global-header-display":"","ast-banner-title-visibility":"","ast-main-header-display":"","ast-hfb-above-header-display":"","ast-hfb-below-header-display":"","ast-hfb-mobile-header-display":"","site-post-title":"disabled","ast-breadcrumbs-content":"","ast-featured-img":"","footer-sml-layout":"","theme-transparent-header-meta":"default","adv-header-id-meta":"","stick-header-meta":"","header-above-stick-meta":"","header-main-stick-meta":"","header-below-stick-meta":""},"lang":"hu","translations":{"hu":3002},"pll_sync_post":[],"_links":{"self":[{"href":"https:\/\/dev2.webforu.hu\/wow\/wp-json\/wp\/v2\/pages\/3002"}],"collection":[{"href":"https:\/\/dev2.webforu.hu\/wow\/wp-json\/wp\/v2\/pages"}],"about":[{"href":"https:\/\/dev2.webforu.hu\/wow\/wp-json\/wp\/v2\/types\/page"}],"author":[{"embeddable":true,"href":"https:\/\/dev2.webforu.hu\/wow\/wp-json\/wp\/v2\/users\/2"}],"replies":[{"embeddable":true,"href":"https:\/\/dev2.webforu.hu\/wow\/wp-json\/wp\/v2\/comments?post=3002"}],"version-history":[{"count":0,"href":"https:\/\/dev2.webforu.hu\/wow\/wp-json\/wp\/v2\/pages\/3002\/revisions"}],"wp:attachment":[{"href":"https:\/\/dev2.webforu.hu\/wow\/wp-json\/wp\/v2\/media?parent=3002"}],"curies":[{"name":"wp","href":"https:\/\/api.w.org\/{rel}","templated":true}]}}