{"id":4598,"date":"2021-11-23T11:53:15","date_gmt":"2021-11-23T10:53:15","guid":{"rendered":"https:\/\/dev2.webforu.hu\/wow\/?post_type=product&#038;p=4598"},"modified":"2022-01-15T17:42:39","modified_gmt":"2022-01-15T16:42:39","slug":"noi-polo-teszt-termek","status":"publish","type":"product","link":"https:\/\/dev2.webforu.hu\/wow\/termek\/noi-polo-teszt-termek\/","title":{"rendered":"N\u0151i p\u00f3l\u00f3 teszt term\u00e9k"},"content":{"rendered":"","protected":false},"excerpt":{"rendered":"<p>K\u00e9nyelmes pamut anyag, t\u00f6bbf\u00e9le sz\u00ednben.<\/p>\n","protected":false},"featured_media":6771,"comment_status":"open","ping_status":"closed","template":"","meta":{"site-sidebar-layout":"default","site-content-layout":"default","ast-global-header-display":"","ast-banner-title-visibility":"","ast-main-header-display":"","ast-hfb-above-header-display":"","ast-hfb-below-header-display":"","ast-hfb-mobile-header-display":"","site-post-title":"","ast-breadcrumbs-content":"","ast-featured-img":"","footer-sml-layout":"","theme-transparent-header-meta":"default","adv-header-id-meta":"","stick-header-meta":"","header-above-stick-meta":"","header-main-stick-meta":"","header-below-stick-meta":""},"pwb-brand":[],"product_cat":[201],"product_tag":[],"colors":[],"orientation":[],"style_of_art":[],"lang":"hu","translations":{"hu":4598,"en":6859},"brands":[],"pll_sync_post":[],"_links":{"self":[{"href":"https:\/\/dev2.webforu.hu\/wow\/wp-json\/wp\/v2\/product\/4598"}],"collection":[{"href":"https:\/\/dev2.webforu.hu\/wow\/wp-json\/wp\/v2\/product"}],"about":[{"href":"https:\/\/dev2.webforu.hu\/wow\/wp-json\/wp\/v2\/types\/product"}],"replies":[{"embeddable":true,"href":"https:\/\/dev2.webforu.hu\/wow\/wp-json\/wp\/v2\/comments?post=4598"}],"wp:featuredmedia":[{"embeddable":true,"href":"https:\/\/dev2.webforu.hu\/wow\/wp-json\/wp\/v2\/media\/6771"}],"wp:attachment":[{"href":"https:\/\/dev2.webforu.hu\/wow\/wp-json\/wp\/v2\/media?parent=4598"}],"wp:term":[{"taxonomy":"pwb-brand","embeddable":true,"href":"https:\/\/dev2.webforu.hu\/wow\/wp-json\/wp\/v2\/pwb-brand?post=4598"},{"taxonomy":"product_cat","embeddable":true,"href":"https:\/\/dev2.webforu.hu\/wow\/wp-json\/wp\/v2\/product_cat?post=4598"},{"taxonomy":"product_tag","embeddable":true,"href":"https:\/\/dev2.webforu.hu\/wow\/wp-json\/wp\/v2\/product_tag?post=4598"},{"taxonomy":"colors","embeddable":true,"href":"https:\/\/dev2.webforu.hu\/wow\/wp-json\/wp\/v2\/colors?post=4598"},{"taxonomy":"orientation","embeddable":true,"href":"https:\/\/dev2.webforu.hu\/wow\/wp-json\/wp\/v2\/orientation?post=4598"},{"taxonomy":"style_of_art","embeddable":true,"href":"https:\/\/dev2.webforu.hu\/wow\/wp-json\/wp\/v2\/style_of_art?post=4598"}],"curies":[{"name":"wp","href":"https:\/\/api.w.org\/{rel}","templated":true}]}}