{"id":6682,"date":"2022-01-15T10:28:08","date_gmt":"2022-01-15T09:28:08","guid":{"rendered":"https:\/\/dev2.webforu.hu\/wow\/?post_type=product&#038;p=6682"},"modified":"2022-02-18T17:47:15","modified_gmt":"2022-02-18T16:47:15","slug":"digitalis-teszt-termek-szivek","status":"publish","type":"product","link":"https:\/\/dev2.webforu.hu\/wow\/termek\/digitalis-teszt-termek-szivek\/","title":{"rendered":"Digit\u00e1lis teszt term\u00e9k &#8211; sz\u00edvek"},"content":{"rendered":"<p>Kis sz\u00edvecsk\u00e9k \u00e1tl\u00e1tsz\u00f3 h\u00e1tt\u00e9rrel.<\/p>\n<p>Lorem ipsum dolor sit amet, consectetur adipiscing elit. Praesent in elementum magna, eget maximus odio. Duis sollicitudin vel eros at lobortis. Vivamus ac interdum tortor, nec vestibulum ipsum. In nulla mauris, auctor vitae ex eget, fermentum aliquam dolor. Pellentesque consectetur ante quis neque mollis elementum. Suspendisse faucibus varius auctor. Suspendisse pulvinar odio et eleifend hendrerit. Fusce egestas venenatis leo. Pellentesque et vestibulum massa, in suscipit eros. Integer gravida nec arcu sit amet facilisis. Nulla imperdiet lacus accumsan dolor rhoncus cursus. Proin faucibus sodales mi at aliquet. Maecenas laoreet lacus sit amet ex commodo consectetur.<\/p>\n<p>Lorem ipsum dolor sit amet, consectetur adipiscing elit. Praesent in elementum magna, eget maximus odio. Duis sollicitudin vel eros at lobortis. Vivamus ac interdum tortor, nec vestibulum ipsum. In nulla mauris, auctor vitae ex eget, fermentum aliquam dolor. Pellentesque consectetur ante quis neque mollis elementum. Suspendisse faucibus varius auctor. Suspendisse pulvinar odio et eleifend hendrerit. Fusce egestas venenatis leo. Pellentesque et vestibulum massa, in suscipit eros. Integer gravida nec arcu sit amet facilisis. Nulla imperdiet lacus accumsan dolor rhoncus cursus. Proin faucibus sodales mi at aliquet. Maecenas laoreet lacus sit amet ex commodo consectetur.<\/p>\n","protected":false},"excerpt":{"rendered":"<p>Kis sz\u00edvecsk\u00e9k \u00e1tl\u00e1tsz\u00f3 h\u00e1tt\u00e9rrel. Let\u00f6lthet\u0151 vagy felhaszn\u00e1lhatod p\u00f3l\u00f3ra, b\u00f6gr\u00e9re is. Lorem ipsum dolor sit amet, consectetur adipiscing elit. Praesent in elementum magna, eget maximus odio. Duis sollicitudin vel eros at lobortis. Vivamus ac interdum tortor, nec vestibulum ipsum. In nulla mauris, auctor vitae ex eget, fermentum aliquam dolor. Pellentesque consectetur ante quis neque mollis elementum. Suspendisse faucibus varius auctor. Suspendisse pulvinar odio et eleifend hendrerit. Fusce egestas venenatis leo. Pellentesque et vestibulum massa, in suscipit eros. Integer gravida nec arcu sit amet facilisis. Nulla imperdiet lacus accumsan dolor rhoncus cursus. Proin faucibus sodales mi at aliquet. Maecenas laoreet lacus sit amet ex commodo consectetur.<\/p>\n","protected":false},"featured_media":6685,"comment_status":"open","ping_status":"closed","template":"","meta":{"site-sidebar-layout":"default","site-content-layout":"default","ast-global-header-display":"","ast-banner-title-visibility":"","ast-main-header-display":"","ast-hfb-above-header-display":"","ast-hfb-below-header-display":"","ast-hfb-mobile-header-display":"","site-post-title":"","ast-breadcrumbs-content":"","ast-featured-img":"","footer-sml-layout":"","theme-transparent-header-meta":"default","adv-header-id-meta":"","stick-header-meta":"","header-above-stick-meta":"","header-main-stick-meta":"","header-below-stick-meta":""},"pwb-brand":[212],"product_cat":[49],"product_tag":[343,349],"colors":[263,288],"orientation":[298],"style_of_art":[],"lang":"hu","translations":{"en":6940,"hu":6682},"brands":[{"id":212,"name":"Enigma","slug":"enigma"}],"pll_sync_post":[],"_links":{"self":[{"href":"https:\/\/dev2.webforu.hu\/wow\/wp-json\/wp\/v2\/product\/6682"}],"collection":[{"href":"https:\/\/dev2.webforu.hu\/wow\/wp-json\/wp\/v2\/product"}],"about":[{"href":"https:\/\/dev2.webforu.hu\/wow\/wp-json\/wp\/v2\/types\/product"}],"replies":[{"embeddable":true,"href":"https:\/\/dev2.webforu.hu\/wow\/wp-json\/wp\/v2\/comments?post=6682"}],"wp:featuredmedia":[{"embeddable":true,"href":"https:\/\/dev2.webforu.hu\/wow\/wp-json\/wp\/v2\/media\/6685"}],"wp:attachment":[{"href":"https:\/\/dev2.webforu.hu\/wow\/wp-json\/wp\/v2\/media?parent=6682"}],"wp:term":[{"taxonomy":"pwb-brand","embeddable":true,"href":"https:\/\/dev2.webforu.hu\/wow\/wp-json\/wp\/v2\/pwb-brand?post=6682"},{"taxonomy":"product_cat","embeddable":true,"href":"https:\/\/dev2.webforu.hu\/wow\/wp-json\/wp\/v2\/product_cat?post=6682"},{"taxonomy":"product_tag","embeddable":true,"href":"https:\/\/dev2.webforu.hu\/wow\/wp-json\/wp\/v2\/product_tag?post=6682"},{"taxonomy":"colors","embeddable":true,"href":"https:\/\/dev2.webforu.hu\/wow\/wp-json\/wp\/v2\/colors?post=6682"},{"taxonomy":"orientation","embeddable":true,"href":"https:\/\/dev2.webforu.hu\/wow\/wp-json\/wp\/v2\/orientation?post=6682"},{"taxonomy":"style_of_art","embeddable":true,"href":"https:\/\/dev2.webforu.hu\/wow\/wp-json\/wp\/v2\/style_of_art?post=6682"}],"curies":[{"name":"wp","href":"https:\/\/api.w.org\/{rel}","templated":true}]}}