{"id":6732,"date":"2022-01-15T16:10:24","date_gmt":"2022-01-15T15:10:24","guid":{"rendered":"https:\/\/dev2.webforu.hu\/wow\/?post_type=product&#038;p=6732"},"modified":"2022-01-15T16:26:34","modified_gmt":"2022-01-15T15:26:34","slug":"utannyomas-teszt-termek","status":"publish","type":"product","link":"https:\/\/dev2.webforu.hu\/wow\/termek\/utannyomas-teszt-termek\/","title":{"rendered":"Ut\u00e1nnyom\u00e1s teszt term\u00e9k"},"content":{"rendered":"","protected":false},"excerpt":{"rendered":"","protected":false},"featured_media":2967,"comment_status":"open","ping_status":"closed","template":"","meta":{"site-sidebar-layout":"default","site-content-layout":"default","ast-global-header-display":"","ast-banner-title-visibility":"","ast-main-header-display":"","ast-hfb-above-header-display":"","ast-hfb-below-header-display":"","ast-hfb-mobile-header-display":"","site-post-title":"","ast-breadcrumbs-content":"","ast-featured-img":"","footer-sml-layout":"","theme-transparent-header-meta":"default","adv-header-id-meta":"","stick-header-meta":"","header-above-stick-meta":"","header-main-stick-meta":"","header-below-stick-meta":""},"pwb-brand":[212],"product_cat":[51,54],"product_tag":[],"colors":[284,255,263,288],"orientation":[60],"style_of_art":[],"lang":"hu","translations":{"en":6954,"hu":6732},"brands":[{"id":212,"name":"Enigma","slug":"enigma"}],"pll_sync_post":[],"_links":{"self":[{"href":"https:\/\/dev2.webforu.hu\/wow\/wp-json\/wp\/v2\/product\/6732"}],"collection":[{"href":"https:\/\/dev2.webforu.hu\/wow\/wp-json\/wp\/v2\/product"}],"about":[{"href":"https:\/\/dev2.webforu.hu\/wow\/wp-json\/wp\/v2\/types\/product"}],"replies":[{"embeddable":true,"href":"https:\/\/dev2.webforu.hu\/wow\/wp-json\/wp\/v2\/comments?post=6732"}],"wp:featuredmedia":[{"embeddable":true,"href":"https:\/\/dev2.webforu.hu\/wow\/wp-json\/wp\/v2\/media\/2967"}],"wp:attachment":[{"href":"https:\/\/dev2.webforu.hu\/wow\/wp-json\/wp\/v2\/media?parent=6732"}],"wp:term":[{"taxonomy":"pwb-brand","embeddable":true,"href":"https:\/\/dev2.webforu.hu\/wow\/wp-json\/wp\/v2\/pwb-brand?post=6732"},{"taxonomy":"product_cat","embeddable":true,"href":"https:\/\/dev2.webforu.hu\/wow\/wp-json\/wp\/v2\/product_cat?post=6732"},{"taxonomy":"product_tag","embeddable":true,"href":"https:\/\/dev2.webforu.hu\/wow\/wp-json\/wp\/v2\/product_tag?post=6732"},{"taxonomy":"colors","embeddable":true,"href":"https:\/\/dev2.webforu.hu\/wow\/wp-json\/wp\/v2\/colors?post=6732"},{"taxonomy":"orientation","embeddable":true,"href":"https:\/\/dev2.webforu.hu\/wow\/wp-json\/wp\/v2\/orientation?post=6732"},{"taxonomy":"style_of_art","embeddable":true,"href":"https:\/\/dev2.webforu.hu\/wow\/wp-json\/wp\/v2\/style_of_art?post=6732"}],"curies":[{"name":"wp","href":"https:\/\/api.w.org\/{rel}","templated":true}]}}